{"id":16120,"date":"2023-08-06T00:16:53","date_gmt":"2023-08-05T21:16:53","guid":{"rendered":"https:\/\/emrecakar.av.tr\/?page_id=16120"},"modified":"2023-09-17T11:01:27","modified_gmt":"2023-09-17T08:01:27","slug":"hakkimizda","status":"publish","type":"page","link":"https:\/\/emrecakar.av.tr\/index.php\/hakkimizda\/","title":{"rendered":"Hakk\u0131m\u0131zda"},"content":{"rendered":"\t\t<div data-elementor-type=\"wp-page\" data-elementor-id=\"16120\" class=\"elementor elementor-16120\">\n\t\t\t\t\t\t<section class=\"elementor-section elementor-top-section elementor-element elementor-element-b896c36 wd-section-stretch elementor-section-height-min-height elementor-section-boxed elementor-section-height-default elementor-section-items-middle\" data-id=\"b896c36\" data-element_type=\"section\" data-settings=\"{&quot;background_background&quot;:&quot;classic&quot;}\">\n\t\t\t\t\t\t\t<div class=\"elementor-background-overlay\"><\/div>\n\t\t\t\t\t\t\t<div class=\"elementor-container elementor-column-gap-default\">\n\t\t\t\t\t<div class=\"elementor-column elementor-col-100 elementor-top-column elementor-element elementor-element-5e0049c\" data-id=\"5e0049c\" data-element_type=\"column\">\n\t\t\t<div class=\"elementor-widget-wrap elementor-element-populated\">\n\t\t\t\t\t\t<div class=\"elementor-element elementor-element-a3473cc elementor-widget elementor-widget-heading\" data-id=\"a3473cc\" data-element_type=\"widget\" data-widget_type=\"heading.default\">\n\t\t\t\t<div class=\"elementor-widget-container\">\n\t\t\t\t\t<p class=\"elementor-heading-title elementor-size-default\">Hakk\u0131m\u0131zda<\/p>\t\t\t\t<\/div>\n\t\t\t\t<\/div>\n\t\t\t\t\t<\/div>\n\t\t<\/div>\n\t\t\t\t\t<\/div>\n\t\t<\/section>\n\t\t\t\t<section class=\"elementor-section elementor-top-section elementor-element elementor-element-5f2c100 wd-section-stretch elementor-section-boxed elementor-section-height-default elementor-section-height-default\" data-id=\"5f2c100\" data-element_type=\"section\">\n\t\t\t\t\t\t<div class=\"elementor-container elementor-column-gap-default\">\n\t\t\t\t\t<div class=\"elementor-column elementor-col-100 elementor-top-column elementor-element elementor-element-fa5c2c1\" data-id=\"fa5c2c1\" data-element_type=\"column\">\n\t\t\t<div class=\"elementor-widget-wrap elementor-element-populated\">\n\t\t\t\t\t\t<section class=\"elementor-section elementor-inner-section elementor-element elementor-element-36313e1 elementor-section-boxed elementor-section-height-default elementor-section-height-default wd-section-disabled\" data-id=\"36313e1\" data-element_type=\"section\" data-settings=\"{&quot;background_background&quot;:&quot;classic&quot;}\">\n\t\t\t\t\t\t<div class=\"elementor-container elementor-column-gap-default\">\n\t\t\t\t\t<div class=\"elementor-column elementor-col-100 elementor-inner-column elementor-element elementor-element-a7b5ca1\" data-id=\"a7b5ca1\" data-element_type=\"column\">\n\t\t\t<div class=\"elementor-widget-wrap elementor-element-populated\">\n\t\t\t\t\t\t<div class=\"elementor-element elementor-element-cbf994d color-scheme-inherit text-left elementor-widget elementor-widget-text-editor\" data-id=\"cbf994d\" data-element_type=\"widget\" data-widget_type=\"text-editor.default\">\n\t\t\t\t<div class=\"elementor-widget-container\">\n\t\t\t\t\t\t\t\t\t<p><strong>Hakk\u0131m\u0131zda<\/strong><\/p>\t\t\t\t\t\t\t\t<\/div>\n\t\t\t\t<\/div>\n\t\t\t\t<div class=\"elementor-element elementor-element-3470448 color-scheme-inherit text-left elementor-widget elementor-widget-text-editor\" data-id=\"3470448\" data-element_type=\"widget\" data-widget_type=\"text-editor.default\">\n\t\t\t\t<div class=\"elementor-widget-container\">\n\t\t\t\t\t\t\t\t\t<p>1987 Y\u0131l\u0131nda Rize\u2019de do\u011fdum. <br>2003 y\u0131l\u0131nda Bursa Erkek Lisesinden mezun olduktan sonra (2004-2008 y\u0131llar\u0131 aras\u0131nda) lisans e\u011fitimine ba\u015flayana kadar takip eleman\u0131 olarak Bursa avukatlar\u0131ndan Av.Ercan KORKMAZ- Av.Ercan KORKMAZ, Av.Adem BA\u015eT\u00dcRK, Av.Mehmet \u00c7ET\u0130N, Av.Ercan S\u00dcMER avukatl\u0131k ortakl\u0131\u011f\u0131nda g\u00f6rev yapt\u0131m.<\/p><p>&nbsp; <br><b>Neden Emre \u00c7AKAR?<\/b><br>Lisans e\u011fitimimi 2008-2012 y\u0131llar\u0131 aras\u0131nda Yak\u0131n Do\u011fu \u00dcniversitesinde tamamlad\u0131m. E\u011fitim d\u00f6nemlerinde (yaz ve ara tatillerde) kendimi geli\u015ftirmek i\u00e7in i\u015fin mutfa\u011f\u0131nda bulunmaya devam ettim. Avukatl\u0131k staj\u0131m\u0131 Bursa Barosu Avukatlar\u0131ndan Av.Onur MUTLU\u2019nun hukuk b\u00fcrosunda tamamlay\u0131p (2012-2013), 01.03.2017 tarihine kadar fiilen kesintisiz Av.Onur MUTLU ile birlikte \u00e7al\u0131\u015ft\u0131m. Avukatl\u0131k d\u00f6neminde t\u00fcm dava \u00e7e\u015fitlerinin yan\u0131 s\u0131ra yo\u011fun olarak neredeyse icra takip yollar\u0131n\u0131n tamam\u0131 ve bu konulardan gelen davalarla ilgilenerek ba\u015far\u0131l\u0131 sonu\u00e7lar elde ettim. Bursa, \u0130stanbul ve T\u00fcrkiye\u2019nin bir\u00e7ok b\u00f6lgesinde faaliyet g\u00f6steren \u00f6zel kurulu\u015f ve \u015fah\u0131slara hukuki hizmetler vermekteyim.<\/p><p>&nbsp; <br>Bu bilgi ve deneyimler \u0131\u015f\u0131\u011f\u0131nda kendi hukuk b\u00fcromu 01\/03\/2017 tarihinde kurdum. Bu hukuk b\u00fcrosunda; \u0130cra \u0130flas Hukuku, Ticaret hukuku, Aile Hukuku, E\u015fya Hukuku, T\u00fcrk Bor\u00e7lar Hukuku, \u0130\u015f Hukuku, T\u00fcketici Hukuku, T\u00fcrk Ceza Hukuku, Marka ve Patent Hukuku, Miras Hukuku ve bunlarla s\u0131n\u0131rl\u0131 olmaks\u0131z\u0131n hukukun bir\u00e7ok alan\u0131nda hizmet vermekteyim. Hukuka uygunluk \u00e7er\u00e7evesinde m\u00fcvekkilin beklenti ve isteklerini merkeze alan, h\u0131zl\u0131 ve kal\u0131c\u0131 \u00e7\u00f6z\u00fcmler \u00fcretmeyi \u00e7al\u0131\u015fmalar\u0131nda ilke olarak benimsemekteyim. Gen\u00e7, dinamik ki\u015fili\u011fimin yan\u0131 s\u0131ra, sorumluluk sahibi ve zaman\u0131n t\u00fcm dilimlerinden en iyi \u015fekilde faydalanmak i\u00e7in \u00e7ok y\u00f6nl\u00fc d\u00fc\u015f\u00fcnmek temel prensiplerim aras\u0131ndad\u0131r. Hukuk b\u00fcromuzda Bursa\u2019n\u0131n en tecr\u00fcbeli ve dinamik isimleri ile \u00e7al\u0131\u015fmaktay\u0131m. <\/p>\t\t\t\t\t\t\t\t<\/div>\n\t\t\t\t<\/div>\n\t\t\t\t\t<\/div>\n\t\t<\/div>\n\t\t\t\t\t<\/div>\n\t\t<\/section>\n\t\t\t\t\t<\/div>\n\t\t<\/div>\n\t\t\t\t\t<\/div>\n\t\t<\/section>\n\t\t\t\t<\/div>\n\t\t","protected":false},"excerpt":{"rendered":"<p>Hakk\u0131m\u0131zda Hakk\u0131m\u0131zda 1987 Y\u0131l\u0131nda Rize\u2019de do\u011fdum. 2003 y\u0131l\u0131nda Bursa Erkek Lisesinden mezun olduktan sonra (2004-2008 y\u0131llar\u0131 aras\u0131nda) lisans e\u011fitimine ba\u015flayana<\/p>\n","protected":false},"author":1,"featured_media":0,"parent":0,"menu_order":0,"comment_status":"closed","ping_status":"closed","template":"elementor_header_footer","meta":{"footnotes":""},"class_list":["post-16120","page","type-page","status-publish","hentry"],"_links":{"self":[{"href":"https:\/\/emrecakar.av.tr\/index.php\/wp-json\/wp\/v2\/pages\/16120","targetHints":{"allow":["GET"]}}],"collection":[{"href":"https:\/\/emrecakar.av.tr\/index.php\/wp-json\/wp\/v2\/pages"}],"about":[{"href":"https:\/\/emrecakar.av.tr\/index.php\/wp-json\/wp\/v2\/types\/page"}],"author":[{"embeddable":true,"href":"https:\/\/emrecakar.av.tr\/index.php\/wp-json\/wp\/v2\/users\/1"}],"replies":[{"embeddable":true,"href":"https:\/\/emrecakar.av.tr\/index.php\/wp-json\/wp\/v2\/comments?post=16120"}],"version-history":[{"count":10,"href":"https:\/\/emrecakar.av.tr\/index.php\/wp-json\/wp\/v2\/pages\/16120\/revisions"}],"predecessor-version":[{"id":16231,"href":"https:\/\/emrecakar.av.tr\/index.php\/wp-json\/wp\/v2\/pages\/16120\/revisions\/16231"}],"wp:attachment":[{"href":"https:\/\/emrecakar.av.tr\/index.php\/wp-json\/wp\/v2\/media?parent=16120"}],"curies":[{"name":"wp","href":"https:\/\/api.w.org\/{rel}","templated":true}]}}