{"id":16113,"date":"2023-08-06T00:09:35","date_gmt":"2023-08-05T21:09:35","guid":{"rendered":"https:\/\/emrecakar.av.tr\/?page_id=16113"},"modified":"2023-08-06T00:10:38","modified_gmt":"2023-08-05T21:10:38","slug":"sirketler-hukuku","status":"publish","type":"page","link":"https:\/\/emrecakar.av.tr\/index.php\/sirketler-hukuku\/","title":{"rendered":"\u015eirketler Hukuku"},"content":{"rendered":"\t\t<div data-elementor-type=\"wp-page\" data-elementor-id=\"16113\" class=\"elementor elementor-16113\">\n\t\t\t\t\t\t<section class=\"elementor-section elementor-top-section elementor-element elementor-element-b896c36 wd-section-stretch elementor-section-height-min-height elementor-section-boxed elementor-section-height-default elementor-section-items-middle\" data-id=\"b896c36\" data-element_type=\"section\" data-settings=\"{&quot;background_background&quot;:&quot;classic&quot;}\">\n\t\t\t\t\t\t\t<div class=\"elementor-background-overlay\"><\/div>\n\t\t\t\t\t\t\t<div class=\"elementor-container elementor-column-gap-default\">\n\t\t\t\t\t<div class=\"elementor-column elementor-col-100 elementor-top-column elementor-element elementor-element-5e0049c\" data-id=\"5e0049c\" data-element_type=\"column\">\n\t\t\t<div class=\"elementor-widget-wrap elementor-element-populated\">\n\t\t\t\t\t\t<div class=\"elementor-element elementor-element-a3473cc elementor-widget elementor-widget-heading\" data-id=\"a3473cc\" data-element_type=\"widget\" data-widget_type=\"heading.default\">\n\t\t\t\t<div class=\"elementor-widget-container\">\n\t\t\t\t\t<p class=\"elementor-heading-title elementor-size-default\">\u015eirketler Hukuku\n<\/p>\t\t\t\t<\/div>\n\t\t\t\t<\/div>\n\t\t\t\t\t<\/div>\n\t\t<\/div>\n\t\t\t\t\t<\/div>\n\t\t<\/section>\n\t\t\t\t<section class=\"elementor-section elementor-top-section elementor-element elementor-element-5f2c100 wd-section-stretch elementor-section-boxed elementor-section-height-default elementor-section-height-default\" data-id=\"5f2c100\" data-element_type=\"section\">\n\t\t\t\t\t\t<div class=\"elementor-container elementor-column-gap-default\">\n\t\t\t\t\t<div class=\"elementor-column elementor-col-100 elementor-top-column elementor-element elementor-element-fa5c2c1\" data-id=\"fa5c2c1\" data-element_type=\"column\">\n\t\t\t<div class=\"elementor-widget-wrap elementor-element-populated\">\n\t\t\t\t\t\t<section class=\"elementor-section elementor-inner-section elementor-element elementor-element-36313e1 elementor-section-boxed elementor-section-height-default elementor-section-height-default wd-section-disabled\" data-id=\"36313e1\" data-element_type=\"section\" data-settings=\"{&quot;background_background&quot;:&quot;classic&quot;}\">\n\t\t\t\t\t\t<div class=\"elementor-container elementor-column-gap-default\">\n\t\t\t\t\t<div class=\"elementor-column elementor-col-100 elementor-inner-column elementor-element elementor-element-a7b5ca1\" data-id=\"a7b5ca1\" data-element_type=\"column\">\n\t\t\t<div class=\"elementor-widget-wrap elementor-element-populated\">\n\t\t\t\t\t\t<div class=\"elementor-element elementor-element-cbf994d color-scheme-inherit text-left elementor-widget elementor-widget-text-editor\" data-id=\"cbf994d\" data-element_type=\"widget\" data-widget_type=\"text-editor.default\">\n\t\t\t\t<div class=\"elementor-widget-container\">\n\t\t\t\t\t\t\t\t\t<p>AV. Emre \u00c7AKAR Hukuk B\u00fcrosu,\u00a0<span style=\"color: #020a20; font-family: Roboto, sans-serif; font-size: 14px; font-style: normal; font-variant-ligatures: normal; font-variant-caps: normal; font-weight: 400; letter-spacing: 0.28px;\">\u015eirketler\u00a0 Hukuku alan\u0131nda, yerli ve yabanc\u0131 \u015firketlerin kurulu\u015f, infisah,\u00a0 birle\u015fme\/devralma ve t\u00fcr de\u011fi\u015ftirme i\u015flemlerinde uzmanla\u015fm\u0131\u015ft\u0131r.\u00a0<\/span><\/p>\t\t\t\t\t\t\t\t<\/div>\n\t\t\t\t<\/div>\n\t\t\t\t\t<\/div>\n\t\t<\/div>\n\t\t\t\t\t<\/div>\n\t\t<\/section>\n\t\t\t\t<section class=\"elementor-section elementor-inner-section elementor-element elementor-element-c83fdc7 elementor-section-boxed elementor-section-height-default elementor-section-height-default wd-section-disabled\" data-id=\"c83fdc7\" data-element_type=\"section\" data-settings=\"{&quot;background_background&quot;:&quot;classic&quot;}\">\n\t\t\t\t\t\t<div class=\"elementor-container elementor-column-gap-default\">\n\t\t\t\t\t<div class=\"elementor-column elementor-col-100 elementor-inner-column elementor-element elementor-element-3687a78\" data-id=\"3687a78\" data-element_type=\"column\">\n\t\t\t<div class=\"elementor-widget-wrap elementor-element-populated\">\n\t\t\t\t\t\t<div class=\"elementor-element elementor-element-f106d21 color-scheme-inherit text-left elementor-widget elementor-widget-text-editor\" data-id=\"f106d21\" data-element_type=\"widget\" data-widget_type=\"text-editor.default\">\n\t\t\t\t<div class=\"elementor-widget-container\">\n\t\t\t\t\t\t\t\t\t<p><strong>AV. Emre \u00c7AKAR<\/strong> Hukuk B\u00fcrosu taraf\u0131ndan \u015eirketler Hukuku alan\u0131nda verilen hizmetlerden baz\u0131lar\u0131:<\/p>\t\t\t\t\t\t\t\t<\/div>\n\t\t\t\t<\/div>\n\t\t\t\t<div class=\"elementor-element elementor-element-a588501 color-scheme-inherit text-left elementor-widget elementor-widget-text-editor\" data-id=\"a588501\" data-element_type=\"widget\" data-widget_type=\"text-editor.default\">\n\t\t\t\t<div class=\"elementor-widget-container\">\n\t\t\t\t\t\t\t\t\t<ul><li>\u015eirket genel kurul\u00a0 toplant\u0131lar\u0131n\u0131n yap\u0131lmas\u0131<\/li><li>Sermaye\u00a0 art\u0131r\u0131mlar\u0131\/indirimleri<\/li><li>Sermaye piyasas\u0131\u00a0 mevzuat\u0131 kapsam\u0131nda dan\u0131\u015fmanl\u0131k<\/li><li>Haks\u0131z rekabetin\u00a0 \u00f6nlenmesi, t\u00fcketici mevzuat\u0131 kapsam\u0131nda dan\u0131\u015fmanl\u0131k<\/li><li>\u0130rtibat b\u00fcrolar\u0131n\u0131n kurulmas\u0131<\/li><li>Hisse senetleri ve\u00a0 tahvillerle ilgili i\u015flemler<\/li><li>Hukuki durum\u00a0 tespit raporlamas\u0131 (Due Diligence)<\/li><\/ul>\t\t\t\t\t\t\t\t<\/div>\n\t\t\t\t<\/div>\n\t\t\t\t\t<\/div>\n\t\t<\/div>\n\t\t\t\t\t<\/div>\n\t\t<\/section>\n\t\t\t\t\t<\/div>\n\t\t<\/div>\n\t\t\t\t\t<\/div>\n\t\t<\/section>\n\t\t\t\t<\/div>\n\t\t","protected":false},"excerpt":{"rendered":"<p>\u015eirketler Hukuku AV. Emre \u00c7AKAR Hukuk B\u00fcrosu,\u00a0\u015eirketler\u00a0 Hukuku alan\u0131nda, yerli ve yabanc\u0131 \u015firketlerin kurulu\u015f, infisah,\u00a0 birle\u015fme\/devralma ve t\u00fcr de\u011fi\u015ftirme i\u015flemlerinde<\/p>\n","protected":false},"author":1,"featured_media":0,"parent":0,"menu_order":0,"comment_status":"closed","ping_status":"closed","template":"elementor_header_footer","meta":{"footnotes":""},"class_list":["post-16113","page","type-page","status-publish","hentry"],"_links":{"self":[{"href":"https:\/\/emrecakar.av.tr\/index.php\/wp-json\/wp\/v2\/pages\/16113","targetHints":{"allow":["GET"]}}],"collection":[{"href":"https:\/\/emrecakar.av.tr\/index.php\/wp-json\/wp\/v2\/pages"}],"about":[{"href":"https:\/\/emrecakar.av.tr\/index.php\/wp-json\/wp\/v2\/types\/page"}],"author":[{"embeddable":true,"href":"https:\/\/emrecakar.av.tr\/index.php\/wp-json\/wp\/v2\/users\/1"}],"replies":[{"embeddable":true,"href":"https:\/\/emrecakar.av.tr\/index.php\/wp-json\/wp\/v2\/comments?post=16113"}],"version-history":[{"count":4,"href":"https:\/\/emrecakar.av.tr\/index.php\/wp-json\/wp\/v2\/pages\/16113\/revisions"}],"predecessor-version":[{"id":16117,"href":"https:\/\/emrecakar.av.tr\/index.php\/wp-json\/wp\/v2\/pages\/16113\/revisions\/16117"}],"wp:attachment":[{"href":"https:\/\/emrecakar.av.tr\/index.php\/wp-json\/wp\/v2\/media?parent=16113"}],"curies":[{"name":"wp","href":"https:\/\/api.w.org\/{rel}","templated":true}]}}