{"id":16090,"date":"2023-08-06T00:02:27","date_gmt":"2023-08-05T21:02:27","guid":{"rendered":"https:\/\/emrecakar.av.tr\/?page_id=16090"},"modified":"2023-08-06T00:04:18","modified_gmt":"2023-08-05T21:04:18","slug":"turk-ceza-hukuku","status":"publish","type":"page","link":"https:\/\/emrecakar.av.tr\/index.php\/turk-ceza-hukuku\/","title":{"rendered":"T\u00fcrk Ceza Hukuku"},"content":{"rendered":"\t\t<div data-elementor-type=\"wp-page\" data-elementor-id=\"16090\" class=\"elementor elementor-16090\">\n\t\t\t\t\t\t<section class=\"elementor-section elementor-top-section elementor-element elementor-element-b896c36 wd-section-stretch elementor-section-height-min-height elementor-section-boxed elementor-section-height-default elementor-section-items-middle\" data-id=\"b896c36\" data-element_type=\"section\" data-settings=\"{&quot;background_background&quot;:&quot;classic&quot;}\">\n\t\t\t\t\t\t\t<div class=\"elementor-background-overlay\"><\/div>\n\t\t\t\t\t\t\t<div class=\"elementor-container elementor-column-gap-default\">\n\t\t\t\t\t<div class=\"elementor-column elementor-col-100 elementor-top-column elementor-element elementor-element-5e0049c\" data-id=\"5e0049c\" data-element_type=\"column\">\n\t\t\t<div class=\"elementor-widget-wrap elementor-element-populated\">\n\t\t\t\t\t\t<div class=\"elementor-element elementor-element-a3473cc elementor-widget elementor-widget-heading\" data-id=\"a3473cc\" data-element_type=\"widget\" data-widget_type=\"heading.default\">\n\t\t\t\t<div class=\"elementor-widget-container\">\n\t\t\t\t\t<p class=\"elementor-heading-title elementor-size-default\">T\u00fcrk Ceza Hukuku<\/p>\t\t\t\t<\/div>\n\t\t\t\t<\/div>\n\t\t\t\t\t<\/div>\n\t\t<\/div>\n\t\t\t\t\t<\/div>\n\t\t<\/section>\n\t\t\t\t<section class=\"elementor-section elementor-top-section elementor-element elementor-element-5f2c100 wd-section-stretch elementor-section-boxed elementor-section-height-default elementor-section-height-default\" data-id=\"5f2c100\" data-element_type=\"section\">\n\t\t\t\t\t\t<div class=\"elementor-container elementor-column-gap-default\">\n\t\t\t\t\t<div class=\"elementor-column elementor-col-100 elementor-top-column elementor-element elementor-element-fa5c2c1\" data-id=\"fa5c2c1\" data-element_type=\"column\">\n\t\t\t<div class=\"elementor-widget-wrap elementor-element-populated\">\n\t\t\t\t\t\t<section class=\"elementor-section elementor-inner-section elementor-element elementor-element-36313e1 elementor-section-boxed elementor-section-height-default elementor-section-height-default wd-section-disabled\" data-id=\"36313e1\" data-element_type=\"section\" data-settings=\"{&quot;background_background&quot;:&quot;classic&quot;}\">\n\t\t\t\t\t\t<div class=\"elementor-container elementor-column-gap-default\">\n\t\t\t\t\t<div class=\"elementor-column elementor-col-100 elementor-inner-column elementor-element elementor-element-a7b5ca1\" data-id=\"a7b5ca1\" data-element_type=\"column\">\n\t\t\t<div class=\"elementor-widget-wrap elementor-element-populated\">\n\t\t\t\t\t\t<div class=\"elementor-element elementor-element-cbf994d color-scheme-inherit text-left elementor-widget elementor-widget-text-editor\" data-id=\"cbf994d\" data-element_type=\"widget\" data-widget_type=\"text-editor.default\">\n\t\t\t\t<div class=\"elementor-widget-container\">\n\t\t\t\t\t\t\t\t\t<p>Su\u00e7 kavram\u0131n\u0131n incelendi\u011fi\u00a0<strong>ceza hukuku<\/strong>, kamu hukuku alan\u0131n\u0131 da kapsamaktad\u0131r. Ceza davalar\u0131 a\u011f\u0131r ceza mahkemesi ve asliye ceza mahkemeleri \u00fczerinden y\u00fcr\u00fct\u00fclmektedir. 5237. Maddenin 1. F\u0131kras\u0131 \u00fczerinden kanunun su\u00e7 saymad\u0131\u011f\u0131 hi\u00e7bir eyleme su\u00e7 verilemez ibaresi bulunmaktad\u0131r. Bu ibareye g\u00f6re ayn\u0131 zamanda su\u00e7 olan bir eylem i\u00e7in ki\u015fi adli para cezas\u0131na ya da hapis cezas\u0131na \u00e7arpt\u0131r\u0131labilir.<\/p>\t\t\t\t\t\t\t\t<\/div>\n\t\t\t\t<\/div>\n\t\t\t\t<div class=\"elementor-element elementor-element-68aaa60 color-scheme-inherit text-left elementor-widget elementor-widget-text-editor\" data-id=\"68aaa60\" data-element_type=\"widget\" data-widget_type=\"text-editor.default\">\n\t\t\t\t<div class=\"elementor-widget-container\">\n\t\t\t\t\t\t\t\t\t<p>Yap\u0131lan eylemin su\u00e7 tan\u0131m\u0131na birebir uygun olmas\u0131 durumunda, su\u00e7lunun mahkeme s\u00fcrecine tabi tutulmas\u0131 uygun g\u00f6r\u00fclmektedir.\u00a0<strong>Ceza hukuku<\/strong>, geni\u015f bir hukuk yelpazesini i\u00e7erisinde bulundurmakta, fiili bizzat i\u015feyen ki\u015fi \u00fczerinden de\u011ferlendirilerek kanunlar ba\u015fvurmaktad\u0131r. Kanun unsuru \u00fczerinden kendisine veya ba\u015fkas\u0131na yarar sa\u011flamak amac\u0131yla zarar verici eylemlerde bulunmak, toplumun huzur ve refah\u0131n\u0131 ka\u00e7\u0131rmak su\u00e7 say\u0131lmaktad\u0131r.<\/p><p>T\u00fcrk Ceza kanunun 20. Maddesinin 1. F\u0131kras\u0131 gere\u011fince \u2018\u2019ceza sorumlulu\u011fu, her ne maksatla olursa olsun \u015fahsi olarak al\u0131nmaktad\u0131r\u2019\u2019 Eylemi i\u015fleyen ki\u015fi \u00fczerinden de\u011ferlendirilir ve ceza eylemi i\u015fleyen ki\u015fi ya da ki\u015filere verilecek \u015fekilde kanunlar \u00fczerinden uygulanacakt\u0131r.<\/p>\t\t\t\t\t\t\t\t<\/div>\n\t\t\t\t<\/div>\n\t\t\t\t<div class=\"elementor-element elementor-element-4bbf1df color-scheme-inherit text-left elementor-widget elementor-widget-text-editor\" data-id=\"4bbf1df\" data-element_type=\"widget\" data-widget_type=\"text-editor.default\">\n\t\t\t\t<div class=\"elementor-widget-container\">\n\t\t\t\t\t\t\t\t\t<p>\u00e7er\u00e7evesinde maddi unsur, ki\u015finin ya da ki\u015filerin yap\u0131lan eylemi kas\u0131t ile yapmas\u0131 durumunda de\u011ferlendirilir. D\u0131\u015f d\u00fcnyaya kar\u015f\u0131 bir i\u015f ortaya \u00e7\u0131karmak, bunun maddi zarara yol a\u00e7acak unsurlara dayanmas\u0131na g\u00f6re kanunlar \u00fczerinden de\u011ferlendirilmesi s\u00f6z konusudur. Maddi unsurlara g\u00f6re su\u00e7un meydana gelmesi i\u00e7in failin eyleme ge\u00e7mi\u015f olmas\u0131 ve eylemi ger\u00e7ekle\u015ftirmeye d\u00f6n\u00fck planlamalar yapmas\u0131 da yeterli olacakt\u0131r.<\/p><p>Tehdit, \u015fantaj veya planlamalar yaparak hukuki alanda ba\u015fka kurum ya da ki\u015filerin can ve mal g\u00fcvenli\u011fini zedeleyecek tehditler bar\u0131nd\u0131rmas\u0131 yeterli olarak g\u00f6r\u00fclmektedir. A\u011f\u0131r ceza mahkemesi ve asliye ceza mahkemesi \u00fczerinden de\u011ferlendirmeler yap\u0131larak, s\u00fcre\u00e7 incelenmekte bu s\u00fcre\u00e7te ceza avukat\u0131 da yer alabilmektedir.<\/p>\t\t\t\t\t\t\t\t<\/div>\n\t\t\t\t<\/div>\n\t\t\t\t\t<\/div>\n\t\t<\/div>\n\t\t\t\t\t<\/div>\n\t\t<\/section>\n\t\t\t\t<section class=\"elementor-section elementor-inner-section elementor-element elementor-element-c83fdc7 elementor-section-boxed elementor-section-height-default elementor-section-height-default wd-section-disabled\" data-id=\"c83fdc7\" data-element_type=\"section\" data-settings=\"{&quot;background_background&quot;:&quot;classic&quot;}\">\n\t\t\t\t\t\t<div class=\"elementor-container elementor-column-gap-default\">\n\t\t\t\t\t<div class=\"elementor-column elementor-col-100 elementor-inner-column elementor-element elementor-element-3687a78\" data-id=\"3687a78\" data-element_type=\"column\">\n\t\t\t<div class=\"elementor-widget-wrap elementor-element-populated\">\n\t\t\t\t\t\t<div class=\"elementor-element elementor-element-a588501 color-scheme-inherit text-left elementor-widget elementor-widget-text-editor\" data-id=\"a588501\" data-element_type=\"widget\" data-widget_type=\"text-editor.default\">\n\t\t\t\t<div class=\"elementor-widget-container\">\n\t\t\t\t\t\t\t\t\t<p>Su\u00e7 kavram\u0131 ve su\u00e7 politikas\u0131 \u00fczerinden\u00a0<strong>ceza hukuk<\/strong>\u00a0kapsam\u0131nda de\u011ferlendirilmektedir. Ki\u015fi ya da ki\u015filerin su\u00e7lu say\u0131lmas\u0131 i\u00e7in \u00f6ncellikle su\u00e7lu say\u0131lmas\u0131 ya da su\u00e7 kavram\u0131yla yak\u0131ndan ili\u015fkilendirilmi\u015f ki\u015fi olmas\u0131 gerekecektir. E\u015fitli\u011fin ve adaletin sa\u011flanmas\u0131 i\u00e7in \u00f6zel h\u00fck\u00fcmler haricinde, hukuk temeline dayanan durumlar g\u00f6z \u00f6n\u00fcnde bulundurulmaktad\u0131r. Ki\u015finin ya da ki\u015filerin, topluma, devlete veya bireye y\u00f6nelik maddi ya da manevi zarar verici hareketleri kasten ger\u00e7ekle\u015ftirmesi durumunda ceza almas\u0131 uygun g\u00f6r\u00fcl\u00fcr.<\/p><p>Ceza almas\u0131; toplumdan uzakla\u015ft\u0131r\u0131lmas\u0131, adli para cezas\u0131yla kamu g\u00f6revini yerine getirmesine g\u00f6re \u00f6zel h\u00fck\u00fcmler ya da kanun h\u00fck\u00fcmlerine g\u00f6re farkl\u0131l\u0131k g\u00f6sterecek \u015fekillerde d\u00fczenlenmi\u015ftir. Kanunlar \u00f6zg\u00fcrl\u00fck, adalet ve e\u015fitlik sa\u011flamak \u00fczerine yo\u011funla\u015f\u0131r.<\/p>\t\t\t\t\t\t\t\t<\/div>\n\t\t\t\t<\/div>\n\t\t\t\t<div class=\"elementor-element elementor-element-dccd036 color-scheme-inherit text-left elementor-widget elementor-widget-text-editor\" data-id=\"dccd036\" data-element_type=\"widget\" data-widget_type=\"text-editor.default\">\n\t\t\t\t<div class=\"elementor-widget-container\">\n\t\t\t\t\t\t\t\t\t<h3><strong>Ceza Hukuku Davalar\u0131 Nelerdir?<\/strong><\/h3><p><a href=\"https:\/\/www.melihsaatci.av.tr\/en-iyi-hukuk-burolari\/\"><strong>Ceza hukuku<\/strong><\/a>\u00a0davalar\u0131, ki\u015fi veya ki\u015filerin i\u015fledi\u011fi su\u00e7 eylemelerine g\u00f6re de\u011fi\u015fiklik g\u00f6stermektedir. Temeli toplumun refah\u0131n\u0131 ve e\u015fitli\u011fini sa\u011flamak \u00fczerine d\u00fczenlenmi\u015f olan hukuk sistemi, ceza kanunlar\u0131 \u00fczerinden temel prensiplere dayanmaktad\u0131r.<\/p><ul><li>Nitelikli doland\u0131r\u0131c\u0131l\u0131k.<\/li><li>Kasten insan \u00f6ld\u00fcrmek ya da yaralamak.<\/li><li>Al\u0131 koymak, tehdit ve \u015fantaj<\/li><li>\u015eiddet, i\u015fkence ve kavgaya kar\u0131\u015fmak.<\/li><li>Devlete kar\u015f\u0131 \u00f6rg\u00fctlenmek<\/li><li>Devlet s\u0131rlar\u0131n\u0131 a\u00e7\u0131\u011fa \u00e7\u0131karacak giri\u015fimlerde bulunmak. ( casusluk, veri h\u0131rs\u0131zl\u0131\u011f\u0131)<\/li><li>Topluma kar\u015f\u0131 \u00f6rg\u00fctlenmek ya da zarar verici eylemlerde bulunmak.<\/li><li>Ki\u015fi ya da ki\u015filerin \u00f6zg\u00fcrl\u00fc\u011f\u00fcn\u00fc k\u0131s\u0131tlay\u0131c\u0131 eylemlerde bulunmak.<\/li><li>Ka\u00e7ak\u00e7\u0131l\u0131k, kalpazanl\u0131k ve uyu\u015fturucu temin etmek.<\/li><li>Evrakta sahtecilik ve sahtecilik su\u00e7lar\u0131<\/li><\/ul><h3><strong>Ceza Hukuku Davalar\u0131 Nerede G\u00f6r\u00fcl\u00fcr?<\/strong><\/h3><p><strong>Ceza hukuku<\/strong>\u00a0davalar\u0131 genel olarak\u00a0<a href=\"https:\/\/www.melihsaatci.av.tr\/agir-ceza-avukati\/\"><strong>a\u011f\u0131r ceza avukat\u0131<\/strong><\/a>\u00a0ile a\u011f\u0131r ceza mahkemesi \u00fczerinden ya da sulh ceza mahkemesi \u00fczerinden g\u00f6r\u00fclen davalard\u0131r. Bu davalar\u0131n i\u015fleyi\u015fi ve su\u00e7 unsurunun de\u011ferlendirilmesine g\u00f6re ki\u015fi ya da ki\u015filere hapis cezas\u0131 ayn\u0131 zamana adli para cezas\u0131 verilmesi uygun g\u00f6r\u00fclecektir. Kar\u015f\u0131l\u0131kl\u0131 r\u0131za durumlar\u0131na kar\u015f\u0131 ayk\u0131r\u0131 hukuki durum \u00fczerinden de\u011ferlendirilen davalara g\u00f6re s\u00fcre\u00e7 farkl\u0131 i\u015fleyebilmektedir. Davalar genel hatlar\u0131yla, su\u00e7lunun toplumdan soyutlanmas\u0131, ma\u011fdurun hak talebinin kar\u015f\u0131lanmas\u0131 ayn\u0131 zamanda e\u015fitli\u011fin d\u00fczenlenmesi \u00fczerine yo\u011funla\u015fmaktad\u0131r.<\/p><p>Kanunlar \u00fczerinden y\u00fcr\u00fct\u00fclecek davalar, T\u00fcrk Ceza Kanunlar\u0131n\u0131n maddelerine g\u00f6re ki\u015finin i\u015fledi\u011fi su\u00e7 eylemine g\u00f6re Yarg\u0131tay\u2019\u0131n ve savc\u0131l\u0131\u011f\u0131n uygun g\u00f6rece\u011fi karara g\u00f6re de\u011ferlendirilmektedir.<\/p><h3><strong>Ceza Davalar\u0131 Nas\u0131l A\u00e7\u0131l\u0131r?<\/strong><\/h3><p>Ceza davalar\u0131, geni\u015f bir hukuki sisteme ba\u011fl\u0131 olan T\u00fcrkiye Adliye Saraylar\u0131 ve mahkemeleri \u00fczerinden incelenmektedir. Su\u00e7lunun ve ma\u011fdurun ayn\u0131 anda dinledi\u011fi bu davalar\u0131n a\u00e7\u0131lmas\u0131 i\u00e7in ki\u015finin su\u00e7 eyleminin ger\u00e7ekle\u015fti\u011fi s\u0131rada kolluk kuvvetlerine ba\u015fvurmas\u0131yla dava a\u00e7\u0131labilir. Ayn\u0131 zamanda dava a\u00e7mak i\u00e7in sulh ya da a\u011fr\u0131 ceza mahkemesine ba\u015fvuru yap\u0131lmas\u0131, dilek\u00e7e yaz\u0131las\u0131 da dava a\u00e7\u0131lmas\u0131 i\u00e7in yeterli bir s\u00fcre\u00e7tir.<\/p><p>Ma\u011fdurun dava a\u00e7mas\u0131 i\u00e7in yapmas\u0131 gereken mahkemeye su\u00e7 duyurusunda bulunmak ve su\u00e7lunun aranmas\u0131, tutuklanmas\u0131 i\u00e7in i\u015flemlerin ba\u015flat\u0131lmas\u0131n\u0131 sa\u011flamak olacakt\u0131r. Cinsel su\u00e7lar, doland\u0131r\u0131c\u0131l\u0131k, \u00f6rg\u00fct su\u00e7lar\u0131, tehdit ve yaralama su\u00e7lar\u0131 da bu dalda incelenirken, kasten insan \u00f6ld\u00fcrme su\u00e7lar\u0131 da bu hukuk dal\u0131nda incelenmektedir.<\/p><h3><strong>Ceza Hukuku Ceza Avukat\u0131 G\u00f6rev Tan\u0131m\u0131<\/strong><\/h3><p><a href=\"https:\/\/www.melihsaatci.av.tr\/hukuk-temyiz\/\"><strong>Ceza hukuku<\/strong><\/a>\u00a0alan\u0131nda g\u00f6rev yapmakta olan ceza avukat\u0131, \u00f6ncellikle devletin otoritesi ve toplumun refah\u0131n\u0131 bozacak herhangi bir eylemde bulunmu\u015f su\u00e7lunun yakalat\u0131lmas\u0131 i\u00e7in i\u015flem yap\u0131lmas\u0131n\u0131 sa\u011flayabilecek birincil ki\u015filer aras\u0131nda yer almaktad\u0131r. Ceza kanunlar\u0131n\u0131 incelemi\u015f, bu alanda e\u011fitim alm\u0131\u015f olan hukuk insan\u0131, dava s\u00fcrecinde m\u00fcvekkilinin kanunlar \u00fczerindeki hakk\u0131n\u0131n mahkemeyle birlikte payla\u015f\u0131larak bulunmas\u0131, savunulmas\u0131 ve e\u015fitli\u011fin sa\u011flanmas\u0131n\u0131 temenni etmektedir. Profesyonel ve uzman bir yakla\u015f\u0131m sergileyerek, kanunlar\u0131 inceler, m\u00fcvekkilini mahkemede savunur, delil toplar ve ayn\u0131 zamanda dosya haz\u0131rlayarak s\u00fcrecin ba\u015flamas\u0131nda etkili olur. Su\u00e7 duyurusu veya itiraz dilek\u00e7eleri de ceza avukat\u0131 arac\u0131l\u0131\u011f\u0131yla yap\u0131labilecek \u015fekilde hukuk sisteminde yerini alm\u0131\u015ft\u0131r.<\/p><h3><strong>Ceza Hukukunda Mahkeme S\u00fcreci<\/strong><\/h3><p>Ceza mahkemesi ve s\u00fcreci davan\u0131n ayn\u0131 zamanda su\u00e7 eyleminin kriterlerine g\u00f6re de\u011fi\u015fmektedir. Su\u00e7a g\u00f6re tan\u0131klar\u0131n ifadelerinin al\u0131nmas\u0131, incelenmesi ve mahkemede savunma s\u00fcrecinin ba\u015flamas\u0131 \u015feklinde ilerler. Delil gerektiren durumlarda, delillerin toplanmas\u0131 ve ger\u00e7ekli\u011finin ara\u015ft\u0131r\u0131lmas\u0131yla birlikte ki\u015fi veya ki\u015filerin su\u00e7 te\u015fkil eden durum nedenlerinin de irdelenmesi gerekebilmektedir.<\/p><p>\u015eartl\u0131 sal\u0131verme, tutuklanma, g\u00f6zalt\u0131na al\u0131nma ya da al\u0131 koyma haklar\u0131 da mahkeme s\u00fcrecinde devam edebilecek kanun h\u00fck\u00fcmleri aras\u0131nda yer almaktad\u0131r. Su\u00e7lu ayn\u0131 zamanda hapisteyken de mahkeme devam ederek, eylemin nedenleri ara\u015ft\u0131r\u0131lmaya devam edebilmektedir.<\/p><h3><strong>Ceza Avukat\u0131 Ve Dan\u0131\u015fmanl\u0131k B\u00fcrosu<\/strong><\/h3><p>Hukuk B\u00fcrolar\u0131,\u00a0<a href=\"https:\/\/www.melihsaatci.av.tr\/istinaftan-sonra-temyiz\/\"><strong>ceza hukuku<\/strong><\/a>\u00a0\u00fczerinden m\u00fcvekkillerinin hak taleplerinin kar\u015f\u0131lanmas\u0131n\u0131 sa\u011flayacak uzman bir kadrolarla \u00e7al\u0131\u015fmaktad\u0131r. Ceza mahkeme s\u00fcrecinin takip edilmesi, m\u00fcvekkilin bilgilendirilmesi, delilerin toplanmas\u0131, dosya haz\u0131rlanmas\u0131 ayn\u0131 zamanda mahkeme savunmas\u0131n\u0131 da bu s\u00fcre\u00e7te yerine getirecektir. Su\u00e7 kavram\u0131 \u00fczerinden y\u00fcr\u00fct\u00fclmekte olan kanunlar\u0131n, uzman avukatlar taraf\u0131ndan incelenmesiyle birlikte m\u00fcvekkilin de sorular\u0131na cevap bulabilece\u011fi d\u00fczenlemelere yer verilmi\u015ftir. T\u00fcrkiye ceza hukuku \u00e7er\u00e7evesinde gerekli olan b\u00fct\u00fcn hukuki d\u00fczenlemelere yer verilmi\u015ftir.<\/p>\t\t\t\t\t\t\t\t<\/div>\n\t\t\t\t<\/div>\n\t\t\t\t\t<\/div>\n\t\t<\/div>\n\t\t\t\t\t<\/div>\n\t\t<\/section>\n\t\t\t\t\t<\/div>\n\t\t<\/div>\n\t\t\t\t\t<\/div>\n\t\t<\/section>\n\t\t\t\t<\/div>\n\t\t","protected":false},"excerpt":{"rendered":"<p>T\u00fcrk Ceza Hukuku Su\u00e7 kavram\u0131n\u0131n incelendi\u011fi\u00a0ceza hukuku, kamu hukuku alan\u0131n\u0131 da kapsamaktad\u0131r. Ceza davalar\u0131 a\u011f\u0131r ceza mahkemesi ve asliye ceza<\/p>\n","protected":false},"author":1,"featured_media":0,"parent":0,"menu_order":0,"comment_status":"closed","ping_status":"closed","template":"elementor_header_footer","meta":{"footnotes":""},"class_list":["post-16090","page","type-page","status-publish","hentry"],"_links":{"self":[{"href":"https:\/\/emrecakar.av.tr\/index.php\/wp-json\/wp\/v2\/pages\/16090","targetHints":{"allow":["GET"]}}],"collection":[{"href":"https:\/\/emrecakar.av.tr\/index.php\/wp-json\/wp\/v2\/pages"}],"about":[{"href":"https:\/\/emrecakar.av.tr\/index.php\/wp-json\/wp\/v2\/types\/page"}],"author":[{"embeddable":true,"href":"https:\/\/emrecakar.av.tr\/index.php\/wp-json\/wp\/v2\/users\/1"}],"replies":[{"embeddable":true,"href":"https:\/\/emrecakar.av.tr\/index.php\/wp-json\/wp\/v2\/comments?post=16090"}],"version-history":[{"count":4,"href":"https:\/\/emrecakar.av.tr\/index.php\/wp-json\/wp\/v2\/pages\/16090\/revisions"}],"predecessor-version":[{"id":16094,"href":"https:\/\/emrecakar.av.tr\/index.php\/wp-json\/wp\/v2\/pages\/16090\/revisions\/16094"}],"wp:attachment":[{"href":"https:\/\/emrecakar.av.tr\/index.php\/wp-json\/wp\/v2\/media?parent=16090"}],"curies":[{"name":"wp","href":"https:\/\/api.w.org\/{rel}","templated":true}]}}