{"id":16082,"date":"2023-08-05T23:59:32","date_gmt":"2023-08-05T20:59:32","guid":{"rendered":"https:\/\/emrecakar.av.tr\/?page_id=16082"},"modified":"2023-08-06T00:02:18","modified_gmt":"2023-08-05T21:02:18","slug":"turk-madeni-hukuku","status":"publish","type":"page","link":"https:\/\/emrecakar.av.tr\/index.php\/turk-madeni-hukuku\/","title":{"rendered":"T\u00fcrk Madeni Hukuku"},"content":{"rendered":"\t\t<div data-elementor-type=\"wp-page\" data-elementor-id=\"16082\" class=\"elementor elementor-16082\">\n\t\t\t\t\t\t<section class=\"elementor-section elementor-top-section elementor-element elementor-element-b896c36 wd-section-stretch elementor-section-height-min-height elementor-section-boxed elementor-section-height-default elementor-section-items-middle\" data-id=\"b896c36\" data-element_type=\"section\" data-settings=\"{&quot;background_background&quot;:&quot;classic&quot;}\">\n\t\t\t\t\t\t\t<div class=\"elementor-background-overlay\"><\/div>\n\t\t\t\t\t\t\t<div class=\"elementor-container elementor-column-gap-default\">\n\t\t\t\t\t<div class=\"elementor-column elementor-col-100 elementor-top-column elementor-element elementor-element-5e0049c\" data-id=\"5e0049c\" data-element_type=\"column\">\n\t\t\t<div class=\"elementor-widget-wrap elementor-element-populated\">\n\t\t\t\t\t\t<div class=\"elementor-element elementor-element-a3473cc elementor-widget elementor-widget-heading\" data-id=\"a3473cc\" data-element_type=\"widget\" data-widget_type=\"heading.default\">\n\t\t\t\t<div class=\"elementor-widget-container\">\n\t\t\t\t\t<p class=\"elementor-heading-title elementor-size-default\">T\u00fcrk Madeni Hukuku\n<\/p>\t\t\t\t<\/div>\n\t\t\t\t<\/div>\n\t\t\t\t\t<\/div>\n\t\t<\/div>\n\t\t\t\t\t<\/div>\n\t\t<\/section>\n\t\t\t\t<section class=\"elementor-section elementor-top-section elementor-element elementor-element-5f2c100 wd-section-stretch elementor-section-boxed elementor-section-height-default elementor-section-height-default\" data-id=\"5f2c100\" data-element_type=\"section\">\n\t\t\t\t\t\t<div class=\"elementor-container elementor-column-gap-default\">\n\t\t\t\t\t<div class=\"elementor-column elementor-col-100 elementor-top-column elementor-element elementor-element-fa5c2c1\" data-id=\"fa5c2c1\" data-element_type=\"column\">\n\t\t\t<div class=\"elementor-widget-wrap elementor-element-populated\">\n\t\t\t\t\t\t<section class=\"elementor-section elementor-inner-section elementor-element elementor-element-36313e1 elementor-section-boxed elementor-section-height-default elementor-section-height-default wd-section-disabled\" data-id=\"36313e1\" data-element_type=\"section\" data-settings=\"{&quot;background_background&quot;:&quot;classic&quot;}\">\n\t\t\t\t\t\t<div class=\"elementor-container elementor-column-gap-default\">\n\t\t\t\t\t<div class=\"elementor-column elementor-col-100 elementor-inner-column elementor-element elementor-element-a7b5ca1\" data-id=\"a7b5ca1\" data-element_type=\"column\">\n\t\t\t<div class=\"elementor-widget-wrap elementor-element-populated\">\n\t\t\t\t\t\t<div class=\"elementor-element elementor-element-cbf994d color-scheme-inherit text-left elementor-widget elementor-widget-text-editor\" data-id=\"cbf994d\" data-element_type=\"widget\" data-widget_type=\"text-editor.default\">\n\t\t\t\t<div class=\"elementor-widget-container\">\n\t\t\t\t\t\t\t\t\t<p>Medeni hukuk, bir \u00fclkedeki vatanda\u015flar\u0131n \u015fahsi durumlar\u0131n\u0131, aile ili\u015fkilerini, mallar \u00fczerindeki haklar\u0131n\u0131, di\u011fer ki\u015filerle olan bor\u00e7 ili\u015fkilerini, \u00f6l\u00fcmden sonra malvarl\u0131\u011f\u0131 ile ilgili hak ve bor\u00e7lar\u0131 d\u00fczenleyen hukuk dal\u0131d\u0131r.<\/p>\t\t\t\t\t\t\t\t<\/div>\n\t\t\t\t<\/div>\n\t\t\t\t<div class=\"elementor-element elementor-element-16a1e2c color-scheme-inherit text-left elementor-widget elementor-widget-text-editor\" data-id=\"16a1e2c\" data-element_type=\"widget\" data-widget_type=\"text-editor.default\">\n\t\t\t\t<div class=\"elementor-widget-container\">\n\t\t\t\t\t\t\t\t\t<p>Medeni hukukun konusunu T\u00fcrk Medeni Kanunu\u2019nun alt ba\u015fl\u0131klar\u0131 olan ki\u015filer hukuku, aile hukuku, bor\u00e7lar hukuku, e\u015fya hukuku ve miras hukuku olu\u015fturur.<\/p>\t\t\t\t\t\t\t\t<\/div>\n\t\t\t\t<\/div>\n\t\t\t\t\t<\/div>\n\t\t<\/div>\n\t\t\t\t\t<\/div>\n\t\t<\/section>\n\t\t\t\t<section class=\"elementor-section elementor-inner-section elementor-element elementor-element-c83fdc7 elementor-section-boxed elementor-section-height-default elementor-section-height-default wd-section-disabled\" data-id=\"c83fdc7\" data-element_type=\"section\" data-settings=\"{&quot;background_background&quot;:&quot;classic&quot;}\">\n\t\t\t\t\t\t<div class=\"elementor-container elementor-column-gap-default\">\n\t\t\t\t\t<div class=\"elementor-column elementor-col-100 elementor-inner-column elementor-element elementor-element-3687a78\" data-id=\"3687a78\" data-element_type=\"column\">\n\t\t\t<div class=\"elementor-widget-wrap elementor-element-populated\">\n\t\t\t\t\t\t<div class=\"elementor-element elementor-element-a588501 color-scheme-inherit text-left elementor-widget elementor-widget-text-editor\" data-id=\"a588501\" data-element_type=\"widget\" data-widget_type=\"text-editor.default\">\n\t\t\t\t<div class=\"elementor-widget-container\">\n\t\t\t\t\t\t\t\t\t<h3><strong>Asli kaynaklar:<\/strong><\/h3><ul><li style=\"list-style-type: none;\"><ul><li>Anayasa<\/li><li>Kanunlar \u2013 Uluslararas\u0131 anla\u015fmalar<\/li><li>Cumhurba\u015fkanl\u0131\u011f\u0131 kararnamesi<\/li><li>Y\u00f6netmelik<\/li><li>Tamim, y\u00f6nerge, sirk\u00fcler<\/li><li>\u0130\u00e7tihad\u0131 birle\u015ftirme kararlar\u0131<\/li><\/ul><\/li><\/ul>\t\t\t\t\t\t\t\t<\/div>\n\t\t\t\t<\/div>\n\t\t\t\t<div class=\"elementor-element elementor-element-83499d4 color-scheme-inherit text-left elementor-widget elementor-widget-text-editor\" data-id=\"83499d4\" data-element_type=\"widget\" data-widget_type=\"text-editor.default\">\n\t\t\t\t<div class=\"elementor-widget-container\">\n\t\t\t\t\t\t\t\t\t<p>\u00d6rf ve adet hukuku kurallar\u0131, bir toplumda uzun y\u0131llardan beri uygulanan ve uyulmas\u0131 gerekti\u011fi konusunda genel kanaat bulunan ve devlet taraf\u0131ndan da desteklenen yaz\u0131s\u0131z kurallard\u0131r.<\/p><p>Somut olaya uygulanacak yaz\u0131l\u0131 bir hukuk kural\u0131n\u0131n bulunmad\u0131\u011f\u0131 hallerde \u00f6rf ve adet kurallar\u0131na g\u00f6re h\u00fck\u00fcm kurulur. Yaz\u0131l\u0131 bir hukuk kural\u0131n\u0131n bulunmamas\u0131 halinde \u201ckanun bo\u015flu\u011fu\u201d s\u00f6z konusudur. \u00d6rf ve adet hukuku kurallar\u0131 kanun bo\u015flu\u011funu doldurur. Hakim, kanun bo\u015flu\u011funun olup olmad\u0131\u011f\u0131n\u0131n anla\u015f\u0131labilmesi i\u00e7in yorum yapmal\u0131d\u0131r.<\/p>\t\t\t\t\t\t\t\t<\/div>\n\t\t\t\t<\/div>\n\t\t\t\t<div class=\"elementor-element elementor-element-f8074f2 color-scheme-inherit text-left elementor-widget elementor-widget-text-editor\" data-id=\"f8074f2\" data-element_type=\"widget\" data-widget_type=\"text-editor.default\">\n\t\t\t\t<div class=\"elementor-widget-container\">\n\t\t\t\t\t\t\t\t\t<p>T\u00fcrk Medeni Kanunu madde 1 h\u00fckm\u00fc uyar\u0131nca hakim, somut olayda uygulanacak herhangi bir kanun h\u00fckm\u00fc bulunmuyorsa \u00f6rf ve adet kurallar\u0131na g\u00f6re karar verir. \u00d6rf ve adet kurall\u0131 da bulunmuyorsa hakim, kendisi kanun koyucu ola idi nas\u0131l bir kural koyacaksa o \u015fekilde karar verir.<\/p>\t\t\t\t\t\t\t\t<\/div>\n\t\t\t\t<\/div>\n\t\t\t\t\t<\/div>\n\t\t<\/div>\n\t\t\t\t\t<\/div>\n\t\t<\/section>\n\t\t\t\t\t<\/div>\n\t\t<\/div>\n\t\t\t\t\t<\/div>\n\t\t<\/section>\n\t\t\t\t<\/div>\n\t\t","protected":false},"excerpt":{"rendered":"<p>T\u00fcrk Madeni Hukuku Medeni hukuk, bir \u00fclkedeki vatanda\u015flar\u0131n \u015fahsi durumlar\u0131n\u0131, aile ili\u015fkilerini, mallar \u00fczerindeki haklar\u0131n\u0131, di\u011fer ki\u015filerle olan bor\u00e7 ili\u015fkilerini,<\/p>\n","protected":false},"author":1,"featured_media":0,"parent":0,"menu_order":0,"comment_status":"closed","ping_status":"closed","template":"elementor_header_footer","meta":{"footnotes":""},"class_list":["post-16082","page","type-page","status-publish","hentry"],"_links":{"self":[{"href":"https:\/\/emrecakar.av.tr\/index.php\/wp-json\/wp\/v2\/pages\/16082","targetHints":{"allow":["GET"]}}],"collection":[{"href":"https:\/\/emrecakar.av.tr\/index.php\/wp-json\/wp\/v2\/pages"}],"about":[{"href":"https:\/\/emrecakar.av.tr\/index.php\/wp-json\/wp\/v2\/types\/page"}],"author":[{"embeddable":true,"href":"https:\/\/emrecakar.av.tr\/index.php\/wp-json\/wp\/v2\/users\/1"}],"replies":[{"embeddable":true,"href":"https:\/\/emrecakar.av.tr\/index.php\/wp-json\/wp\/v2\/comments?post=16082"}],"version-history":[{"count":7,"href":"https:\/\/emrecakar.av.tr\/index.php\/wp-json\/wp\/v2\/pages\/16082\/revisions"}],"predecessor-version":[{"id":16089,"href":"https:\/\/emrecakar.av.tr\/index.php\/wp-json\/wp\/v2\/pages\/16082\/revisions\/16089"}],"wp:attachment":[{"href":"https:\/\/emrecakar.av.tr\/index.php\/wp-json\/wp\/v2\/media?parent=16082"}],"curies":[{"name":"wp","href":"https:\/\/api.w.org\/{rel}","templated":true}]}}