{"id":16072,"date":"2023-08-05T23:56:33","date_gmt":"2023-08-05T20:56:33","guid":{"rendered":"https:\/\/emrecakar.av.tr\/?page_id=16072"},"modified":"2023-08-05T23:57:19","modified_gmt":"2023-08-05T20:57:19","slug":"ticaret-hukuku","status":"publish","type":"page","link":"https:\/\/emrecakar.av.tr\/index.php\/ticaret-hukuku\/","title":{"rendered":"Ticaret Hukuku"},"content":{"rendered":"\t\t<div data-elementor-type=\"wp-page\" data-elementor-id=\"16072\" class=\"elementor elementor-16072\">\n\t\t\t\t\t\t<section class=\"elementor-section elementor-top-section elementor-element elementor-element-b896c36 wd-section-stretch elementor-section-height-min-height elementor-section-boxed elementor-section-height-default elementor-section-items-middle\" data-id=\"b896c36\" data-element_type=\"section\" data-settings=\"{&quot;background_background&quot;:&quot;classic&quot;}\">\n\t\t\t\t\t\t\t<div class=\"elementor-background-overlay\"><\/div>\n\t\t\t\t\t\t\t<div class=\"elementor-container elementor-column-gap-default\">\n\t\t\t\t\t<div class=\"elementor-column elementor-col-100 elementor-top-column elementor-element elementor-element-5e0049c\" data-id=\"5e0049c\" data-element_type=\"column\">\n\t\t\t<div class=\"elementor-widget-wrap elementor-element-populated\">\n\t\t\t\t\t\t<div class=\"elementor-element elementor-element-a3473cc elementor-widget elementor-widget-heading\" data-id=\"a3473cc\" data-element_type=\"widget\" data-widget_type=\"heading.default\">\n\t\t\t\t<div class=\"elementor-widget-container\">\n\t\t\t\t\t<p class=\"elementor-heading-title elementor-size-default\">Ticaret Hukuku\n<\/p>\t\t\t\t<\/div>\n\t\t\t\t<\/div>\n\t\t\t\t\t<\/div>\n\t\t<\/div>\n\t\t\t\t\t<\/div>\n\t\t<\/section>\n\t\t\t\t<section class=\"elementor-section elementor-top-section elementor-element elementor-element-5f2c100 wd-section-stretch elementor-section-boxed elementor-section-height-default elementor-section-height-default\" data-id=\"5f2c100\" data-element_type=\"section\">\n\t\t\t\t\t\t<div class=\"elementor-container elementor-column-gap-default\">\n\t\t\t\t\t<div class=\"elementor-column elementor-col-100 elementor-top-column elementor-element elementor-element-fa5c2c1\" data-id=\"fa5c2c1\" data-element_type=\"column\">\n\t\t\t<div class=\"elementor-widget-wrap elementor-element-populated\">\n\t\t\t\t\t\t<section class=\"elementor-section elementor-inner-section elementor-element elementor-element-36313e1 elementor-section-boxed elementor-section-height-default elementor-section-height-default wd-section-disabled\" data-id=\"36313e1\" data-element_type=\"section\" data-settings=\"{&quot;background_background&quot;:&quot;classic&quot;}\">\n\t\t\t\t\t\t<div class=\"elementor-container elementor-column-gap-default\">\n\t\t\t\t\t<div class=\"elementor-column elementor-col-100 elementor-inner-column elementor-element elementor-element-a7b5ca1\" data-id=\"a7b5ca1\" data-element_type=\"column\">\n\t\t\t<div class=\"elementor-widget-wrap elementor-element-populated\">\n\t\t\t\t\t\t<div class=\"elementor-element elementor-element-cbf994d color-scheme-inherit text-left elementor-widget elementor-widget-text-editor\" data-id=\"cbf994d\" data-element_type=\"widget\" data-widget_type=\"text-editor.default\">\n\t\t\t\t<div class=\"elementor-widget-container\">\n\t\t\t\t\t\t\t\t\t<p>AV. Emre \u00c7AKAR Hukuk B\u00fcrosu,\u00a0<span style=\"color: #020a20; font-family: Roboto, sans-serif; font-size: 14px; font-style: normal; font-variant-ligatures: normal; font-variant-caps: normal; font-weight: 400; letter-spacing: 0.28px;\">alan\u0131nda uzman kadrosu ve uluslararas\u0131 i\u015f ortaklar\u0131 ile birlikte uluslararas\u0131 ticaret hukuku alan\u0131nda m\u00fcvekkillerine hizmet sunmaktad\u0131r.\u00a0<\/span><\/p>\t\t\t\t\t\t\t\t<\/div>\n\t\t\t\t<\/div>\n\t\t\t\t\t<\/div>\n\t\t<\/div>\n\t\t\t\t\t<\/div>\n\t\t<\/section>\n\t\t\t\t<section class=\"elementor-section elementor-inner-section elementor-element elementor-element-c83fdc7 elementor-section-boxed elementor-section-height-default elementor-section-height-default wd-section-disabled\" data-id=\"c83fdc7\" data-element_type=\"section\" data-settings=\"{&quot;background_background&quot;:&quot;classic&quot;}\">\n\t\t\t\t\t\t<div class=\"elementor-container elementor-column-gap-default\">\n\t\t\t\t\t<div class=\"elementor-column elementor-col-100 elementor-inner-column elementor-element elementor-element-3687a78\" data-id=\"3687a78\" data-element_type=\"column\">\n\t\t\t<div class=\"elementor-widget-wrap elementor-element-populated\">\n\t\t\t\t\t\t<div class=\"elementor-element elementor-element-f106d21 color-scheme-inherit text-left elementor-widget elementor-widget-text-editor\" data-id=\"f106d21\" data-element_type=\"widget\" data-widget_type=\"text-editor.default\">\n\t\t\t\t<div class=\"elementor-widget-container\">\n\t\t\t\t\t\t\t\t\t<p><strong>AV. Emre \u00c7AKAR<\/strong> Hukuk B\u00fcrosu taraf\u0131ndan Uluslararas\u0131 Ticaret alan\u0131nda sundu\u011fumuz hizmetlerden baz\u0131lar\u0131;<\/p>\t\t\t\t\t\t\t\t<\/div>\n\t\t\t\t<\/div>\n\t\t\t\t<div class=\"elementor-element elementor-element-a588501 color-scheme-inherit text-left elementor-widget elementor-widget-text-editor\" data-id=\"a588501\" data-element_type=\"widget\" data-widget_type=\"text-editor.default\">\n\t\t\t\t<div class=\"elementor-widget-container\">\n\t\t\t\t\t\t\t\t\t<ul><li>Yurt i\u00e7i ve yurt d\u0131\u015f\u0131nda a\u00e7\u0131lan anti-damping soru\u015fturmalar\u0131<\/li><li>Yurt i\u00e7i ve yurt d\u0131\u015f\u0131nda a\u00e7\u0131lan s\u00fcbvansiyon soru\u015fturmalar\u0131<\/li><li>Korunma \u00f6nlemi soru\u015fturmalar\u0131<\/li><li>G\u00f6zetim uygulamas\u0131 ba\u015fvurular\u0131<\/li><li>Ask\u0131ya alma, kota ve tarife kontenjan\u0131 ba\u015fvurular\u0131<\/li><li>De\u011fi\u015fen mevzuata ve uygulamalara ili\u015fkin raporlar\u0131n d\u00fczenlenmesi<\/li><li>Ticaret politikas\u0131 dan\u0131\u015fmanl\u0131\u011f\u0131<\/li><\/ul>\t\t\t\t\t\t\t\t<\/div>\n\t\t\t\t<\/div>\n\t\t\t\t\t<\/div>\n\t\t<\/div>\n\t\t\t\t\t<\/div>\n\t\t<\/section>\n\t\t\t\t\t<\/div>\n\t\t<\/div>\n\t\t\t\t\t<\/div>\n\t\t<\/section>\n\t\t\t\t<\/div>\n\t\t","protected":false},"excerpt":{"rendered":"<p>Ticaret Hukuku AV. Emre \u00c7AKAR Hukuk B\u00fcrosu,\u00a0alan\u0131nda uzman kadrosu ve uluslararas\u0131 i\u015f ortaklar\u0131 ile birlikte uluslararas\u0131 ticaret hukuku alan\u0131nda m\u00fcvekkillerine<\/p>\n","protected":false},"author":1,"featured_media":0,"parent":0,"menu_order":0,"comment_status":"closed","ping_status":"closed","template":"elementor_header_footer","meta":{"footnotes":""},"class_list":["post-16072","page","type-page","status-publish","hentry"],"_links":{"self":[{"href":"https:\/\/emrecakar.av.tr\/index.php\/wp-json\/wp\/v2\/pages\/16072","targetHints":{"allow":["GET"]}}],"collection":[{"href":"https:\/\/emrecakar.av.tr\/index.php\/wp-json\/wp\/v2\/pages"}],"about":[{"href":"https:\/\/emrecakar.av.tr\/index.php\/wp-json\/wp\/v2\/types\/page"}],"author":[{"embeddable":true,"href":"https:\/\/emrecakar.av.tr\/index.php\/wp-json\/wp\/v2\/users\/1"}],"replies":[{"embeddable":true,"href":"https:\/\/emrecakar.av.tr\/index.php\/wp-json\/wp\/v2\/comments?post=16072"}],"version-history":[{"count":4,"href":"https:\/\/emrecakar.av.tr\/index.php\/wp-json\/wp\/v2\/pages\/16072\/revisions"}],"predecessor-version":[{"id":16076,"href":"https:\/\/emrecakar.av.tr\/index.php\/wp-json\/wp\/v2\/pages\/16072\/revisions\/16076"}],"wp:attachment":[{"href":"https:\/\/emrecakar.av.tr\/index.php\/wp-json\/wp\/v2\/media?parent=16072"}],"curies":[{"name":"wp","href":"https:\/\/api.w.org\/{rel}","templated":true}]}}