{"id":16062,"date":"2023-08-05T23:53:47","date_gmt":"2023-08-05T20:53:47","guid":{"rendered":"https:\/\/emrecakar.av.tr\/?page_id=16062"},"modified":"2023-08-05T23:54:46","modified_gmt":"2023-08-05T20:54:46","slug":"kisisel-verilen-korunmasi","status":"publish","type":"page","link":"https:\/\/emrecakar.av.tr\/index.php\/kisisel-verilen-korunmasi\/","title":{"rendered":"Ki\u015fisel Verilen Korunmas\u0131"},"content":{"rendered":"\t\t<div data-elementor-type=\"wp-page\" data-elementor-id=\"16062\" class=\"elementor elementor-16062\">\n\t\t\t\t\t\t<section class=\"elementor-section elementor-top-section elementor-element elementor-element-b896c36 wd-section-stretch elementor-section-height-min-height elementor-section-boxed elementor-section-height-default elementor-section-items-middle\" data-id=\"b896c36\" data-element_type=\"section\" data-settings=\"{&quot;background_background&quot;:&quot;classic&quot;}\">\n\t\t\t\t\t\t\t<div class=\"elementor-background-overlay\"><\/div>\n\t\t\t\t\t\t\t<div class=\"elementor-container elementor-column-gap-default\">\n\t\t\t\t\t<div class=\"elementor-column elementor-col-100 elementor-top-column elementor-element elementor-element-5e0049c\" data-id=\"5e0049c\" data-element_type=\"column\">\n\t\t\t<div class=\"elementor-widget-wrap elementor-element-populated\">\n\t\t\t\t\t\t<div class=\"elementor-element elementor-element-a3473cc elementor-widget elementor-widget-heading\" data-id=\"a3473cc\" data-element_type=\"widget\" data-widget_type=\"heading.default\">\n\t\t\t\t<div class=\"elementor-widget-container\">\n\t\t\t\t\t<p class=\"elementor-heading-title elementor-size-default\">Ki\u015fisel Verilen Korunmas\u0131<\/p>\t\t\t\t<\/div>\n\t\t\t\t<\/div>\n\t\t\t\t\t<\/div>\n\t\t<\/div>\n\t\t\t\t\t<\/div>\n\t\t<\/section>\n\t\t\t\t<section class=\"elementor-section elementor-top-section elementor-element elementor-element-5f2c100 wd-section-stretch elementor-section-boxed elementor-section-height-default elementor-section-height-default\" data-id=\"5f2c100\" data-element_type=\"section\">\n\t\t\t\t\t\t<div class=\"elementor-container elementor-column-gap-default\">\n\t\t\t\t\t<div class=\"elementor-column elementor-col-100 elementor-top-column elementor-element elementor-element-fa5c2c1\" data-id=\"fa5c2c1\" data-element_type=\"column\">\n\t\t\t<div class=\"elementor-widget-wrap elementor-element-populated\">\n\t\t\t\t\t\t<section class=\"elementor-section elementor-inner-section elementor-element elementor-element-36313e1 elementor-section-boxed elementor-section-height-default elementor-section-height-default wd-section-disabled\" data-id=\"36313e1\" data-element_type=\"section\" data-settings=\"{&quot;background_background&quot;:&quot;classic&quot;}\">\n\t\t\t\t\t\t<div class=\"elementor-container elementor-column-gap-default\">\n\t\t\t\t\t<div class=\"elementor-column elementor-col-100 elementor-inner-column elementor-element elementor-element-a7b5ca1\" data-id=\"a7b5ca1\" data-element_type=\"column\">\n\t\t\t<div class=\"elementor-widget-wrap elementor-element-populated\">\n\t\t\t\t\t\t<div class=\"elementor-element elementor-element-cbf994d color-scheme-inherit text-left elementor-widget elementor-widget-text-editor\" data-id=\"cbf994d\" data-element_type=\"widget\" data-widget_type=\"text-editor.default\">\n\t\t\t\t<div class=\"elementor-widget-container\">\n\t\t\t\t\t\t\t\t\t<p>Bilgi, modern yasam\u0131n en \u00f6nemli degerlerinden biridir. Her g\u00fcn, devlet kurumlar\u0131 ve \u00f6zel kuruluslar; bireyler hakk\u0131nda \u00f6nemli miktarda veriyi toplamakta, saklamakta, islemekte ve nakletmektedirler. Teknolojinin gelismesi, kisilerin bilgiyi paylasmas\u0131 ve d\u00fcnya \u00e7ap\u0131nda yaymas\u0131na izin verecek sekilde; kisilerin bilgilerinin kontrol\u00fcn\u00fc kaybederek, kendilerine kars\u0131 kullan\u0131lmas\u0131 gibi tehlikeli durumlar\u0131n olusmas\u0131na sebep olmaktad\u0131r. Kisisel verilerin korunmas\u0131, bireylerin verilerinin baska kisi veya kuruluslar taraf\u0131ndan yetkisiz kullan\u0131m\u0131na kars\u0131 sahip olduklar\u0131 bir hakt\u0131r. 6698 say\u0131l\u0131 Ki\u015fisel Verilerin Korunmas\u0131 Kanunu\u2019nun (KVKK) kabul\u00fc ile \u00fclkemizde de yeni bir d\u00f6neme girilmi\u015f olup, an\u0131lan Kanun vatanda\u015flar\u0131, veri sorumlusu olarak tan\u0131mlad\u0131\u011f\u0131 ger\u00e7ek ve t\u00fczel ki\u015filere kar\u015f\u0131 birtak\u0131m haklarla donat\u0131rken veri sorumlular\u0131na da birtak\u0131m y\u00fck\u00fcml\u00fcl\u00fckler getirmi\u015ftir. Bu y\u00fck\u00fcml\u00fcl\u00fckler \u015firketlerin \u00f6zellikle bilgi i\u015flem ve insan kaynaklar\u0131 birimlerini ilgilendirmektedir.<\/p>\t\t\t\t\t\t\t\t<\/div>\n\t\t\t\t<\/div>\n\t\t\t\t\t<\/div>\n\t\t<\/div>\n\t\t\t\t\t<\/div>\n\t\t<\/section>\n\t\t\t\t<section class=\"elementor-section elementor-inner-section elementor-element elementor-element-c83fdc7 elementor-section-boxed elementor-section-height-default elementor-section-height-default wd-section-disabled\" data-id=\"c83fdc7\" data-element_type=\"section\" data-settings=\"{&quot;background_background&quot;:&quot;classic&quot;}\">\n\t\t\t\t\t\t<div class=\"elementor-container elementor-column-gap-default\">\n\t\t\t\t\t<div class=\"elementor-column elementor-col-100 elementor-inner-column elementor-element elementor-element-3687a78\" data-id=\"3687a78\" data-element_type=\"column\">\n\t\t\t<div class=\"elementor-widget-wrap elementor-element-populated\">\n\t\t\t\t\t\t<div class=\"elementor-element elementor-element-f106d21 color-scheme-inherit text-left elementor-widget elementor-widget-text-editor\" data-id=\"f106d21\" data-element_type=\"widget\" data-widget_type=\"text-editor.default\">\n\t\t\t\t<div class=\"elementor-widget-container\">\n\t\t\t\t\t\t\t\t\t<p><strong>AV. Emre \u00c7AKAR<\/strong> Hukuk B\u00fcrosu taraf\u0131ndan KVKK\u2019 ya uyumun sa\u011flanmas\u0131 amac\u0131yla m\u00fcvekkillerimize:<\/p>\t\t\t\t\t\t\t\t<\/div>\n\t\t\t\t<\/div>\n\t\t\t\t<div class=\"elementor-element elementor-element-a588501 color-scheme-inherit text-left elementor-widget elementor-widget-text-editor\" data-id=\"a588501\" data-element_type=\"widget\" data-widget_type=\"text-editor.default\">\n\t\t\t\t<div class=\"elementor-widget-container\">\n\t\t\t\t\t\t\t\t\t<ul><li>KVKK kapsam\u0131nda m\u00fcvekkillerin t\u00e2bi olduklar\u0131 y\u00fck\u00fcml\u00fcl\u00fcklerin tespiti ve analizi,<\/li><li>\u0130lgili y\u00fck\u00fcml\u00fcl\u00fcklerin yerine getirilebilmesi bak\u0131m\u0131ndan m\u00fcvekkillerin kullanmalar\u0131 gereken veri kay\u0131t sistemlerinin olu\u015fturulmas\u0131 a\u015famas\u0131nda IT departmanlar\u0131 ile gereken i\u015fbirli\u011finin sa\u011flanmas\u0131 ve mevcut durumda kullan\u0131lmakta olan veri kay\u0131t sistemlerinin KVKK kapsam\u0131ndaki y\u00fck\u00fcml\u00fcl\u00fcklere uyumlu hale getirilmesi bak\u0131m\u0131ndan gerekli deste\u011fin sunulmas\u0131,<\/li><li>M\u00fcvekkillerin KVKK kapsam\u0131nda m\u00fc\u015fterileriyle veya i\u015f ortaklar\u0131yla akdetmeleri gereken s\u00f6zle\u015fmelerin haz\u0131rlanmas\u0131 ve\/veya revize edilmesi,<\/li><li>KVKK kapsam\u0131ndaki y\u00fck\u00fcml\u00fcl\u00fcklere tam anlam\u0131yla uyumun sa\u011flanmas\u0131 bak\u0131m\u0131ndan Veri Sorumlusu b\u00fcnyesindeki ilgili t\u00fcm departmanlara (hukuk, \u0130K, IT, pazarlama, halkla ili\u015fkiler vb.) \u015firket i\u00e7i fark\u0131ndal\u0131k e\u011fitimlerinin sunulmas\u0131,<\/li><\/ul>\t\t\t\t\t\t\t\t<\/div>\n\t\t\t\t<\/div>\n\t\t\t\t\t<\/div>\n\t\t<\/div>\n\t\t\t\t\t<\/div>\n\t\t<\/section>\n\t\t\t\t\t<\/div>\n\t\t<\/div>\n\t\t\t\t\t<\/div>\n\t\t<\/section>\n\t\t\t\t<\/div>\n\t\t","protected":false},"excerpt":{"rendered":"<p>Ki\u015fisel Verilen Korunmas\u0131 Bilgi, modern yasam\u0131n en \u00f6nemli degerlerinden biridir. Her g\u00fcn, devlet kurumlar\u0131 ve \u00f6zel kuruluslar; bireyler hakk\u0131nda \u00f6nemli<\/p>\n","protected":false},"author":1,"featured_media":0,"parent":0,"menu_order":0,"comment_status":"closed","ping_status":"closed","template":"elementor_header_footer","meta":{"footnotes":""},"class_list":["post-16062","page","type-page","status-publish","hentry"],"_links":{"self":[{"href":"https:\/\/emrecakar.av.tr\/index.php\/wp-json\/wp\/v2\/pages\/16062","targetHints":{"allow":["GET"]}}],"collection":[{"href":"https:\/\/emrecakar.av.tr\/index.php\/wp-json\/wp\/v2\/pages"}],"about":[{"href":"https:\/\/emrecakar.av.tr\/index.php\/wp-json\/wp\/v2\/types\/page"}],"author":[{"embeddable":true,"href":"https:\/\/emrecakar.av.tr\/index.php\/wp-json\/wp\/v2\/users\/1"}],"replies":[{"embeddable":true,"href":"https:\/\/emrecakar.av.tr\/index.php\/wp-json\/wp\/v2\/comments?post=16062"}],"version-history":[{"count":4,"href":"https:\/\/emrecakar.av.tr\/index.php\/wp-json\/wp\/v2\/pages\/16062\/revisions"}],"predecessor-version":[{"id":16066,"href":"https:\/\/emrecakar.av.tr\/index.php\/wp-json\/wp\/v2\/pages\/16062\/revisions\/16066"}],"wp:attachment":[{"href":"https:\/\/emrecakar.av.tr\/index.php\/wp-json\/wp\/v2\/media?parent=16062"}],"curies":[{"name":"wp","href":"https:\/\/api.w.org\/{rel}","templated":true}]}}