{"id":16057,"date":"2023-08-05T23:48:29","date_gmt":"2023-08-05T20:48:29","guid":{"rendered":"https:\/\/emrecakar.av.tr\/?page_id=16057"},"modified":"2023-08-05T23:49:36","modified_gmt":"2023-08-05T20:49:36","slug":"e-ticaret-hukuku","status":"publish","type":"page","link":"https:\/\/emrecakar.av.tr\/index.php\/e-ticaret-hukuku\/","title":{"rendered":"E-Ticaret Hukuku"},"content":{"rendered":"\t\t<div data-elementor-type=\"wp-page\" data-elementor-id=\"16057\" class=\"elementor elementor-16057\">\n\t\t\t\t\t\t<section class=\"elementor-section elementor-top-section elementor-element elementor-element-b896c36 wd-section-stretch elementor-section-height-min-height elementor-section-boxed elementor-section-height-default elementor-section-items-middle\" data-id=\"b896c36\" data-element_type=\"section\" data-settings=\"{&quot;background_background&quot;:&quot;classic&quot;}\">\n\t\t\t\t\t\t\t<div class=\"elementor-background-overlay\"><\/div>\n\t\t\t\t\t\t\t<div class=\"elementor-container elementor-column-gap-default\">\n\t\t\t\t\t<div class=\"elementor-column elementor-col-100 elementor-top-column elementor-element elementor-element-5e0049c\" data-id=\"5e0049c\" data-element_type=\"column\">\n\t\t\t<div class=\"elementor-widget-wrap elementor-element-populated\">\n\t\t\t\t\t\t<div class=\"elementor-element elementor-element-a3473cc elementor-widget elementor-widget-heading\" data-id=\"a3473cc\" data-element_type=\"widget\" data-widget_type=\"heading.default\">\n\t\t\t\t<div class=\"elementor-widget-container\">\n\t\t\t\t\t<p class=\"elementor-heading-title elementor-size-default\">Sayfa Ba\u015fl\u0131\u011f\u0131<\/p>\t\t\t\t<\/div>\n\t\t\t\t<\/div>\n\t\t\t\t\t<\/div>\n\t\t<\/div>\n\t\t\t\t\t<\/div>\n\t\t<\/section>\n\t\t\t\t<section class=\"elementor-section elementor-top-section elementor-element elementor-element-5f2c100 wd-section-stretch elementor-section-boxed elementor-section-height-default elementor-section-height-default\" data-id=\"5f2c100\" data-element_type=\"section\">\n\t\t\t\t\t\t<div class=\"elementor-container elementor-column-gap-default\">\n\t\t\t\t\t<div class=\"elementor-column elementor-col-100 elementor-top-column elementor-element elementor-element-fa5c2c1\" data-id=\"fa5c2c1\" data-element_type=\"column\">\n\t\t\t<div class=\"elementor-widget-wrap elementor-element-populated\">\n\t\t\t\t\t\t<section class=\"elementor-section elementor-inner-section elementor-element elementor-element-36313e1 elementor-section-boxed elementor-section-height-default elementor-section-height-default wd-section-disabled\" data-id=\"36313e1\" data-element_type=\"section\" data-settings=\"{&quot;background_background&quot;:&quot;classic&quot;}\">\n\t\t\t\t\t\t<div class=\"elementor-container elementor-column-gap-default\">\n\t\t\t\t\t<div class=\"elementor-column elementor-col-100 elementor-inner-column elementor-element elementor-element-a7b5ca1\" data-id=\"a7b5ca1\" data-element_type=\"column\">\n\t\t\t<div class=\"elementor-widget-wrap elementor-element-populated\">\n\t\t\t\t\t\t<div class=\"elementor-element elementor-element-cbf994d color-scheme-inherit text-left elementor-widget elementor-widget-text-editor\" data-id=\"cbf994d\" data-element_type=\"widget\" data-widget_type=\"text-editor.default\">\n\t\t\t\t<div class=\"elementor-widget-container\">\n\t\t\t\t\t\t\t\t\t<p>AV. Emre \u00c7AKAR Hukuk B\u00fcrosu,\u00a0<span style=\"color: #020a20; font-family: Roboto, sans-serif; font-size: 14px; font-style: normal; font-variant-ligatures: normal; font-variant-caps: normal; font-weight: 400; letter-spacing: 0.28px;\">Elektronik ticaret; neredeyse akla gelebilecek her t\u00fcrl\u00fc \u00fcr\u00fcn ve hizmete ili\u015fkin olarak, geleneksel ma\u011fazac\u0131l\u0131k ve fiziki sat\u0131\u015f operasyonuna g\u00f6re daha h\u0131zl\u0131 ve daha d\u00fc\u015f\u00fck maliyetle daha geni\u015f kitlelere hitap etme imk\u00e2n\u0131 sa\u011flamaktad\u0131r. Son y\u0131llarda T\u00fcrkiye ve t\u00fcm d\u00fcnyada \u00fcstel bir ivme ile b\u00fcy\u00fcyen ve geli\u015fen e-ticaret ekosistemi, bu karma\u015f\u0131k ve dev yap\u0131s\u0131 beraberinde bir\u00e7ok hukuki d\u00fczenleme ihtiyac\u0131 da do\u011furmaktad\u0131r.<\/span><\/p>\t\t\t\t\t\t\t\t<\/div>\n\t\t\t\t<\/div>\n\t\t\t\t\t<\/div>\n\t\t<\/div>\n\t\t\t\t\t<\/div>\n\t\t<\/section>\n\t\t\t\t<section class=\"elementor-section elementor-inner-section elementor-element elementor-element-c83fdc7 elementor-section-boxed elementor-section-height-default elementor-section-height-default wd-section-disabled\" data-id=\"c83fdc7\" data-element_type=\"section\" data-settings=\"{&quot;background_background&quot;:&quot;classic&quot;}\">\n\t\t\t\t\t\t<div class=\"elementor-container elementor-column-gap-default\">\n\t\t\t\t\t<div class=\"elementor-column elementor-col-100 elementor-inner-column elementor-element elementor-element-3687a78\" data-id=\"3687a78\" data-element_type=\"column\">\n\t\t\t<div class=\"elementor-widget-wrap elementor-element-populated\">\n\t\t\t\t\t\t<div class=\"elementor-element elementor-element-a588501 color-scheme-inherit text-left elementor-widget elementor-widget-text-editor\" data-id=\"a588501\" data-element_type=\"widget\" data-widget_type=\"text-editor.default\">\n\t\t\t\t<div class=\"elementor-widget-container\">\n\t\t\t\t\t\t\t\t\t<p>Temelde \u201celektronik ticaret hukuku\u201d \u015fapkas\u0131 alt\u0131nda kendine \u00f6zg\u00fc birtak\u0131m mevzuatlar bulunsa da bu kavram, esasen farkl\u0131 bir\u00e7ok disiplinin bir araya gelmesi ile tek \u00e7at\u0131 alt\u0131nda toplanmaktad\u0131r. Fikri M\u00fclkiyet Hukuku, Ki\u015fisel Verilerin Korunmas\u0131 Kanunu ve veri g\u00fcvenli\u011fine ili\u015fkin d\u00fczenlemeler, Rekabet Hukuku, T\u00fcketici Hukuku, genel itibariyle s\u00f6zle\u015fmesel ili\u015fkilerden do\u011fan hak ve y\u00fck\u00fcml\u00fcl\u00fckler \u00e7er\u00e7evesinde Ticaret Hukuku ve bunlar gibi daha bir\u00e7ok ba\u015fl\u0131k bu disiplinler aras\u0131nda say\u0131labilir. Bu konsolide yap\u0131, h\u0131zl\u0131 de\u011fi\u015fen ve \u00e7o\u011fu zaman \u00e7ok yeni ve emsali olmayan d\u00fczenlemelere ili\u015fkin yasal sorumluluklar getirdi\u011finden, \u00f6zenli bir takip s\u00fcreci gerektirmektedir.<br><br>\u00c7al\u0131\u015fma Ekibi olarak, m\u00fcvekkilimizin bir hizmet sa\u011flay\u0131c\u0131, pazaryeri sahibi, sat\u0131c\u0131, sosyal medya etkileyicisi veya herhangi ba\u015fka bir s\u0131fatla e-ticaret ekosistemi i\u00e7erisinde yer alan herhangi bir payda\u015f olmas\u0131 fark etmeksizin; e-ticaret faaliyetleri \u00e7er\u00e7evesinde i\u00e7erisinde bulunduklar\u0131 t\u00fcm hukuki riskleri do\u011fru bir \u015fekilde ele almalar\u0131 ve y\u00f6netebilmeleri i\u00e7in, onlara, maksimum menfaatlerini g\u00f6zetebilmeyi ama\u00e7layan g\u00fcvenilir, \u015feffaf ve tam kapsaml\u0131 hukuki dan\u0131\u015fmanl\u0131k hizmeti sunmaktay\u0131z.<\/p>\t\t\t\t\t\t\t\t<\/div>\n\t\t\t\t<\/div>\n\t\t\t\t\t<\/div>\n\t\t<\/div>\n\t\t\t\t\t<\/div>\n\t\t<\/section>\n\t\t\t\t\t<\/div>\n\t\t<\/div>\n\t\t\t\t\t<\/div>\n\t\t<\/section>\n\t\t\t\t<\/div>\n\t\t","protected":false},"excerpt":{"rendered":"<p>Sayfa Ba\u015fl\u0131\u011f\u0131 AV. Emre \u00c7AKAR Hukuk B\u00fcrosu,\u00a0Elektronik ticaret; neredeyse akla gelebilecek her t\u00fcrl\u00fc \u00fcr\u00fcn ve hizmete ili\u015fkin olarak, geleneksel ma\u011fazac\u0131l\u0131k<\/p>\n","protected":false},"author":1,"featured_media":0,"parent":0,"menu_order":0,"comment_status":"closed","ping_status":"closed","template":"elementor_header_footer","meta":{"footnotes":""},"class_list":["post-16057","page","type-page","status-publish","hentry"],"_links":{"self":[{"href":"https:\/\/emrecakar.av.tr\/index.php\/wp-json\/wp\/v2\/pages\/16057","targetHints":{"allow":["GET"]}}],"collection":[{"href":"https:\/\/emrecakar.av.tr\/index.php\/wp-json\/wp\/v2\/pages"}],"about":[{"href":"https:\/\/emrecakar.av.tr\/index.php\/wp-json\/wp\/v2\/types\/page"}],"author":[{"embeddable":true,"href":"https:\/\/emrecakar.av.tr\/index.php\/wp-json\/wp\/v2\/users\/1"}],"replies":[{"embeddable":true,"href":"https:\/\/emrecakar.av.tr\/index.php\/wp-json\/wp\/v2\/comments?post=16057"}],"version-history":[{"count":4,"href":"https:\/\/emrecakar.av.tr\/index.php\/wp-json\/wp\/v2\/pages\/16057\/revisions"}],"predecessor-version":[{"id":16061,"href":"https:\/\/emrecakar.av.tr\/index.php\/wp-json\/wp\/v2\/pages\/16057\/revisions\/16061"}],"wp:attachment":[{"href":"https:\/\/emrecakar.av.tr\/index.php\/wp-json\/wp\/v2\/media?parent=16057"}],"curies":[{"name":"wp","href":"https:\/\/api.w.org\/{rel}","templated":true}]}}