{"id":16041,"date":"2023-08-05T23:45:25","date_gmt":"2023-08-05T20:45:25","guid":{"rendered":"https:\/\/emrecakar.av.tr\/?page_id=16041"},"modified":"2023-08-05T23:46:15","modified_gmt":"2023-08-05T20:46:15","slug":"yabancilar-ve-vatandaslik-hukuku","status":"publish","type":"page","link":"https:\/\/emrecakar.av.tr\/index.php\/yabancilar-ve-vatandaslik-hukuku\/","title":{"rendered":"Yabanc\u0131lar ve Vatanda\u015fl\u0131k Hukuku"},"content":{"rendered":"\t\t<div data-elementor-type=\"wp-page\" data-elementor-id=\"16041\" class=\"elementor elementor-16041\">\n\t\t\t\t\t\t<section class=\"elementor-section elementor-top-section elementor-element elementor-element-b896c36 wd-section-stretch elementor-section-height-min-height elementor-section-boxed elementor-section-height-default elementor-section-items-middle\" data-id=\"b896c36\" data-element_type=\"section\" data-settings=\"{&quot;background_background&quot;:&quot;classic&quot;}\">\n\t\t\t\t\t\t\t<div class=\"elementor-background-overlay\"><\/div>\n\t\t\t\t\t\t\t<div class=\"elementor-container elementor-column-gap-default\">\n\t\t\t\t\t<div class=\"elementor-column elementor-col-100 elementor-top-column elementor-element elementor-element-5e0049c\" data-id=\"5e0049c\" data-element_type=\"column\">\n\t\t\t<div class=\"elementor-widget-wrap elementor-element-populated\">\n\t\t\t\t\t\t<div class=\"elementor-element elementor-element-a3473cc elementor-widget elementor-widget-heading\" data-id=\"a3473cc\" data-element_type=\"widget\" data-widget_type=\"heading.default\">\n\t\t\t\t<div class=\"elementor-widget-container\">\n\t\t\t\t\t<p class=\"elementor-heading-title elementor-size-default\">Yabanc\u0131lar ve Vatanda\u015fl\u0131k Hukuku\n<\/p>\t\t\t\t<\/div>\n\t\t\t\t<\/div>\n\t\t\t\t\t<\/div>\n\t\t<\/div>\n\t\t\t\t\t<\/div>\n\t\t<\/section>\n\t\t\t\t<section class=\"elementor-section elementor-top-section elementor-element elementor-element-5f2c100 wd-section-stretch elementor-section-boxed elementor-section-height-default elementor-section-height-default\" data-id=\"5f2c100\" data-element_type=\"section\">\n\t\t\t\t\t\t<div class=\"elementor-container elementor-column-gap-default\">\n\t\t\t\t\t<div class=\"elementor-column elementor-col-100 elementor-top-column elementor-element elementor-element-fa5c2c1\" data-id=\"fa5c2c1\" data-element_type=\"column\">\n\t\t\t<div class=\"elementor-widget-wrap elementor-element-populated\">\n\t\t\t\t\t\t<section class=\"elementor-section elementor-inner-section elementor-element elementor-element-36313e1 elementor-section-boxed elementor-section-height-default elementor-section-height-default wd-section-disabled\" data-id=\"36313e1\" data-element_type=\"section\" data-settings=\"{&quot;background_background&quot;:&quot;classic&quot;}\">\n\t\t\t\t\t\t<div class=\"elementor-container elementor-column-gap-default\">\n\t\t\t\t\t<div class=\"elementor-column elementor-col-100 elementor-inner-column elementor-element elementor-element-a7b5ca1\" data-id=\"a7b5ca1\" data-element_type=\"column\">\n\t\t\t<div class=\"elementor-widget-wrap elementor-element-populated\">\n\t\t\t\t\t\t<div class=\"elementor-element elementor-element-cbf994d color-scheme-inherit text-left elementor-widget elementor-widget-text-editor\" data-id=\"cbf994d\" data-element_type=\"widget\" data-widget_type=\"text-editor.default\">\n\t\t\t\t<div class=\"elementor-widget-container\">\n\t\t\t\t\t\t\t\t\t<p>AV. Emre \u00c7AKAR Hukuk B\u00fcrosu,\u00a0<span style=\"color: #020a20; font-family: Roboto, sans-serif; font-size: 14px; font-style: normal; font-variant-ligatures: normal; font-variant-caps: normal; font-weight: 400; letter-spacing: 0.28px;\">Uluslararas\u0131 ekonomik g\u00f6\u00e7\u00fcn makro dinamiklerinin belirlendi\u011fi son \u00e7eyrek as\u0131rda g\u00f6\u00e7 veren \u00fclke konumundan g\u00f6\u00e7 alan \u00fclke konumuna ge\u00e7mekte olan T\u00fcrkiye gibi bir \u00fclkede faaliyet g\u00f6stermekte olan Hukuk B\u00fcromuz,\u00a0 donan\u0131ml\u0131 Avukat ve Yabanc\u0131 Dan\u0131\u015fmalar\u0131m\u0131z arac\u0131l\u0131\u011f\u0131yla Yabanc\u0131lar Hukuku alan\u0131nda bilfiil hukuki dan\u0131\u015fmanl\u0131k hizmeti vermektedir.<\/span><\/p><p><span style=\"color: #020a20; font-family: Roboto, sans-serif; font-size: 14px; font-style: normal; font-variant-ligatures: normal; font-variant-caps: normal; font-weight: 400; letter-spacing: 0.28px;\">\u00a0<\/span><br style=\"transition-timing-function: ease-in-out; transition-duration: 0.2s; font-family: Roboto, sans-serif; color: #020a20; font-size: 14px; letter-spacing: 0.28px;\" \/><span style=\"color: #020a20; font-family: Roboto, sans-serif; font-size: 14px; font-style: normal; font-variant-ligatures: normal; font-variant-caps: normal; font-weight: 400; letter-spacing: 0.28px;\">Amac\u0131m\u0131z ve hukuki misyonumuz \u0131\u015f\u0131\u011f\u0131nda, yerli ve yabanc\u0131 ger\u00e7ek ve t\u00fczel ki\u015fi m\u00fcvekkillerimize sa\u011flad\u0131\u011f\u0131m\u0131z hukuki dan\u0131\u015fmanl\u0131k hizmetlerini a\u015fa\u011f\u0131da bilginize sunar\u0131z:<\/span><\/p>\t\t\t\t\t\t\t\t<\/div>\n\t\t\t\t<\/div>\n\t\t\t\t\t<\/div>\n\t\t<\/div>\n\t\t\t\t\t<\/div>\n\t\t<\/section>\n\t\t\t\t<section class=\"elementor-section elementor-inner-section elementor-element elementor-element-c83fdc7 elementor-section-boxed elementor-section-height-default elementor-section-height-default wd-section-disabled\" data-id=\"c83fdc7\" data-element_type=\"section\" data-settings=\"{&quot;background_background&quot;:&quot;classic&quot;}\">\n\t\t\t\t\t\t<div class=\"elementor-container elementor-column-gap-default\">\n\t\t\t\t\t<div class=\"elementor-column elementor-col-100 elementor-inner-column elementor-element elementor-element-3687a78\" data-id=\"3687a78\" data-element_type=\"column\">\n\t\t\t<div class=\"elementor-widget-wrap elementor-element-populated\">\n\t\t\t\t\t\t<div class=\"elementor-element elementor-element-a588501 color-scheme-inherit text-left elementor-widget elementor-widget-text-editor\" data-id=\"a588501\" data-element_type=\"widget\" data-widget_type=\"text-editor.default\">\n\t\t\t\t<div class=\"elementor-widget-container\">\n\t\t\t\t\t\t\t\t\t<ul><li>T\u00fcrkiye\u2019de ya\u015famak isteyen yabanc\u0131lar\u0131n oturma izni, oturma izni uzatma ba\u015fvurular\u0131n\u0131n yap\u0131lmas\u0131, takibi ve sonu\u00e7land\u0131r\u0131lmas\u0131,<\/li><li>Do\u011frudan Yabanc\u0131 Yat\u0131r\u0131mlar Kanununa tabii t\u00fczel ki\u015filer nezdinde istihdam edilecek yabanc\u0131lar da dahil olmak \u00fczere, T\u00fcrkiye\u2019de istihdam edilmesi planlanan yabanc\u0131lar\u0131n \u00e7al\u0131\u015fma izni, \u00e7al\u0131\u015fma izin uzat\u0131m ba\u015fvurusunun yap\u0131lmas\u0131, takibi ve sonu\u00e7land\u0131r\u0131lmas\u0131, T\u00fcrkiye\u2019de \u00e7al\u0131\u015fma izni edinecek ki\u015filerin de e\u015fi ve \u00e7ocuklar\u0131na da destekleyici yoluyla aile ikamet izni ba\u015fvurusunun yap\u0131lmas\u0131, takibi ve sonu\u00e7land\u0131r\u0131lmas\u0131,<\/li><li>5901 Say\u0131l\u0131 T\u00fcrk Vatanda\u015fl\u0131\u011f\u0131 Kanunu kapsam\u0131nda, T\u00fcrk Vatanda\u015fl\u0131\u011f\u0131n\u0131 kazanmak etmek isteyen yabanc\u0131lar\u0131n vatanda\u015fl\u0131k ba\u015fvuru i\u015flemlerinin yap\u0131lmas\u0131, takibi ve sonu\u00e7land\u0131r\u0131lmas\u0131,<\/li><li>3065 Say\u0131l\u0131 Katma De\u011fer Vergisi Kanunu 13\/i bendi kapsam\u0131nda, T\u00fcrkiye\u2019de yerle\u015fik olmayan yabanc\u0131lar\u0131n T\u00fcrkiye\u2019de ta\u015f\u0131nmaz sat\u0131n al\u0131mlar\u0131nda \u00f6demekle y\u00fck\u00fcml\u00fc olan katma de\u011fer vergisinden muafiyet ba\u015fvuru i\u015flemlerinin yap\u0131lmas\u0131, takibi ve sonu\u00e7land\u0131r\u0131lmas\u0131.<\/li><\/ul>\t\t\t\t\t\t\t\t<\/div>\n\t\t\t\t<\/div>\n\t\t\t\t\t<\/div>\n\t\t<\/div>\n\t\t\t\t\t<\/div>\n\t\t<\/section>\n\t\t\t\t\t<\/div>\n\t\t<\/div>\n\t\t\t\t\t<\/div>\n\t\t<\/section>\n\t\t\t\t<\/div>\n\t\t","protected":false},"excerpt":{"rendered":"<p>Yabanc\u0131lar ve Vatanda\u015fl\u0131k Hukuku AV. Emre \u00c7AKAR Hukuk B\u00fcrosu,\u00a0Uluslararas\u0131 ekonomik g\u00f6\u00e7\u00fcn makro dinamiklerinin belirlendi\u011fi son \u00e7eyrek as\u0131rda g\u00f6\u00e7 veren \u00fclke<\/p>\n","protected":false},"author":1,"featured_media":0,"parent":0,"menu_order":0,"comment_status":"closed","ping_status":"closed","template":"elementor_header_footer","meta":{"footnotes":""},"class_list":["post-16041","page","type-page","status-publish","hentry"],"_links":{"self":[{"href":"https:\/\/emrecakar.av.tr\/index.php\/wp-json\/wp\/v2\/pages\/16041","targetHints":{"allow":["GET"]}}],"collection":[{"href":"https:\/\/emrecakar.av.tr\/index.php\/wp-json\/wp\/v2\/pages"}],"about":[{"href":"https:\/\/emrecakar.av.tr\/index.php\/wp-json\/wp\/v2\/types\/page"}],"author":[{"embeddable":true,"href":"https:\/\/emrecakar.av.tr\/index.php\/wp-json\/wp\/v2\/users\/1"}],"replies":[{"embeddable":true,"href":"https:\/\/emrecakar.av.tr\/index.php\/wp-json\/wp\/v2\/comments?post=16041"}],"version-history":[{"count":4,"href":"https:\/\/emrecakar.av.tr\/index.php\/wp-json\/wp\/v2\/pages\/16041\/revisions"}],"predecessor-version":[{"id":16045,"href":"https:\/\/emrecakar.av.tr\/index.php\/wp-json\/wp\/v2\/pages\/16041\/revisions\/16045"}],"wp:attachment":[{"href":"https:\/\/emrecakar.av.tr\/index.php\/wp-json\/wp\/v2\/media?parent=16041"}],"curies":[{"name":"wp","href":"https:\/\/api.w.org\/{rel}","templated":true}]}}