{"id":16031,"date":"2023-08-05T23:42:03","date_gmt":"2023-08-05T20:42:03","guid":{"rendered":"https:\/\/emrecakar.av.tr\/?page_id=16031"},"modified":"2023-08-05T23:43:55","modified_gmt":"2023-08-05T20:43:55","slug":"izale-i-suyu-davalari","status":"publish","type":"page","link":"https:\/\/emrecakar.av.tr\/index.php\/izale-i-suyu-davalari\/","title":{"rendered":"\u0130zale-i \u015euyu Davalar\u0131"},"content":{"rendered":"\t\t<div data-elementor-type=\"wp-page\" data-elementor-id=\"16031\" class=\"elementor elementor-16031\">\n\t\t\t\t\t\t<section class=\"elementor-section elementor-top-section elementor-element elementor-element-b896c36 wd-section-stretch elementor-section-height-min-height elementor-section-boxed elementor-section-height-default elementor-section-items-middle\" data-id=\"b896c36\" data-element_type=\"section\" data-settings=\"{&quot;background_background&quot;:&quot;classic&quot;}\">\n\t\t\t\t\t\t\t<div class=\"elementor-background-overlay\"><\/div>\n\t\t\t\t\t\t\t<div class=\"elementor-container elementor-column-gap-default\">\n\t\t\t\t\t<div class=\"elementor-column elementor-col-100 elementor-top-column elementor-element elementor-element-5e0049c\" data-id=\"5e0049c\" data-element_type=\"column\">\n\t\t\t<div class=\"elementor-widget-wrap elementor-element-populated\">\n\t\t\t\t\t\t<div class=\"elementor-element elementor-element-a3473cc elementor-widget elementor-widget-heading\" data-id=\"a3473cc\" data-element_type=\"widget\" data-widget_type=\"heading.default\">\n\t\t\t\t<div class=\"elementor-widget-container\">\n\t\t\t\t\t<p class=\"elementor-heading-title elementor-size-default\">\u0130zale-i \u015euyu Davalar\u0131\n<\/p>\t\t\t\t<\/div>\n\t\t\t\t<\/div>\n\t\t\t\t\t<\/div>\n\t\t<\/div>\n\t\t\t\t\t<\/div>\n\t\t<\/section>\n\t\t\t\t<section class=\"elementor-section elementor-top-section elementor-element elementor-element-5f2c100 wd-section-stretch elementor-section-boxed elementor-section-height-default elementor-section-height-default\" data-id=\"5f2c100\" data-element_type=\"section\">\n\t\t\t\t\t\t<div class=\"elementor-container elementor-column-gap-default\">\n\t\t\t\t\t<div class=\"elementor-column elementor-col-100 elementor-top-column elementor-element elementor-element-fa5c2c1\" data-id=\"fa5c2c1\" data-element_type=\"column\">\n\t\t\t<div class=\"elementor-widget-wrap elementor-element-populated\">\n\t\t\t\t\t\t<section class=\"elementor-section elementor-inner-section elementor-element elementor-element-36313e1 elementor-section-boxed elementor-section-height-default elementor-section-height-default wd-section-disabled\" data-id=\"36313e1\" data-element_type=\"section\" data-settings=\"{&quot;background_background&quot;:&quot;classic&quot;}\">\n\t\t\t\t\t\t<div class=\"elementor-container elementor-column-gap-default\">\n\t\t\t\t\t<div class=\"elementor-column elementor-col-100 elementor-inner-column elementor-element elementor-element-a7b5ca1\" data-id=\"a7b5ca1\" data-element_type=\"column\">\n\t\t\t<div class=\"elementor-widget-wrap elementor-element-populated\">\n\t\t\t\t\t\t<div class=\"elementor-element elementor-element-cbf994d color-scheme-inherit text-left elementor-widget elementor-widget-text-editor\" data-id=\"cbf994d\" data-element_type=\"widget\" data-widget_type=\"text-editor.default\">\n\t\t\t\t<div class=\"elementor-widget-container\">\n\t\t\t\t\t\t\t\t\t<p>AV. Emre \u00c7AKAR Hukuk B\u00fcrosu;<br \/><br \/>Ortakl\u0131\u011f\u0131n giderilmesi (izale-i \u015fuyu) davas\u0131, payl\u0131 veya elbirli\u011fi m\u00fclkiyetine konu olan ta\u015f\u0131n\u0131r veya ta\u015f\u0131nmazlar \u00fczerindeki payda\u015fl\u0131\u011f\u0131\/ortakl\u0131\u011f\u0131 sonland\u0131rarak ki\u015fisel m\u00fclkiyete ge\u00e7i\u015fi sa\u011flayan bir davad\u0131r. Uygulamada ve halk aras\u0131nda izale i \u015fuyu, izaleyi \u015fuyu ve izalei\u015f\u00fcyu olarak isimlendirilen bu davada \u015fuyun ( Ortakl\u0131\u011f\u0131n ) giderilmesi (izalesi) sa\u011flanmaktad\u0131r. hukuk b\u00fcromuz bu dava ile ilgili t\u00fcm hukuki i\u015flemler i\u00e7in destek vermektedir.<\/p>\t\t\t\t\t\t\t\t<\/div>\n\t\t\t\t<\/div>\n\t\t\t\t\t<\/div>\n\t\t<\/div>\n\t\t\t\t\t<\/div>\n\t\t<\/section>\n\t\t\t\t<section class=\"elementor-section elementor-inner-section elementor-element elementor-element-c83fdc7 elementor-section-boxed elementor-section-height-default elementor-section-height-default wd-section-disabled\" data-id=\"c83fdc7\" data-element_type=\"section\" data-settings=\"{&quot;background_background&quot;:&quot;classic&quot;}\">\n\t\t\t\t\t\t<div class=\"elementor-container elementor-column-gap-default\">\n\t\t\t\t\t<div class=\"elementor-column elementor-col-100 elementor-inner-column elementor-element elementor-element-3687a78\" data-id=\"3687a78\" data-element_type=\"column\">\n\t\t\t<div class=\"elementor-widget-wrap elementor-element-populated\">\n\t\t\t\t\t\t<div class=\"elementor-element elementor-element-f106d21 color-scheme-inherit text-left elementor-widget elementor-widget-text-editor\" data-id=\"f106d21\" data-element_type=\"widget\" data-widget_type=\"text-editor.default\">\n\t\t\t\t<div class=\"elementor-widget-container\">\n\t\t\t\t\t\t\t\t\t<p><strong>Ortakl\u0131\u011f\u0131n Giderilmesi Davas\u0131 Nedir?<\/strong><\/p>\t\t\t\t\t\t\t\t<\/div>\n\t\t\t\t<\/div>\n\t\t\t\t<div class=\"elementor-element elementor-element-a588501 color-scheme-inherit text-left elementor-widget elementor-widget-text-editor\" data-id=\"a588501\" data-element_type=\"widget\" data-widget_type=\"text-editor.default\">\n\t\t\t\t<div class=\"elementor-widget-container\">\n\t\t\t\t\t\t\t\t\t<ul><li><p>Ortakl\u0131\u011f\u0131n giderilmesi davas\u0131,\u00a0di\u011fer bir ad\u0131yla izale-i \u015f\u00fcyu davas\u0131d\u0131r. Payl\u0131 veyahut elbirli\u011fi m\u00fclkiyet ile hakimiyet kurulan ta\u015f\u0131n\u0131r ya da ta\u015f\u0131nmaz mal \u00fczerindeki payda\u015fl\u0131\u011f\u0131n sona ermesini sa\u011flamaktad\u0131r.<\/p><p>Ortakl\u0131\u011f\u0131n giderilmesi davas\u0131nda, taraflar payda\u015flar\u0131n tamam\u0131d\u0131r. Davan\u0131n sonucu, payda\u015flar\u0131n tamam\u0131 bak\u0131m\u0131ndan ayn\u0131 sonu\u00e7lar\u0131 do\u011furur.<\/p><p>Ortakl\u0131\u011f\u0131n giderilmesi iki \u015fekilde ger\u00e7ekle\u015ftirilebilir:<\/p><ul><li>Aynen Taksim Suretiyle Ortakl\u0131\u011f\u0131n Giderilmesi,<\/li><li>Sat\u0131\u015f Suretiyle Ortakl\u0131\u011f\u0131n Giderilmesi.<\/li><\/ul><p>Ortakl\u0131\u011f\u0131n giderilmesi davas\u0131, ta\u015f\u0131n\u0131r ya da ta\u015f\u0131nmaz mallar hakk\u0131nda a\u00e7\u0131labilir.\u00a0Ta\u015f\u0131n\u0131r ya da ta\u015f\u0131nmaz \u00fczerindeki ortakl\u0131\u011f\u0131n giderilmesini isteyen davac\u0131 taraf, davay\u0131 t\u00fcm ortaklara kar\u015f\u0131 a\u00e7mal\u0131d\u0131r. Ortaklardan birinin vefat\u0131 halinde ise vefat eden orta\u011f\u0131n miras\u00e7\u0131lar\u0131 davaya eklenmelidir.<\/p><\/li><\/ul>\t\t\t\t\t\t\t\t<\/div>\n\t\t\t\t<\/div>\n\t\t\t\t\t<\/div>\n\t\t<\/div>\n\t\t\t\t\t<\/div>\n\t\t<\/section>\n\t\t\t\t\t<\/div>\n\t\t<\/div>\n\t\t\t\t\t<\/div>\n\t\t<\/section>\n\t\t\t\t<\/div>\n\t\t","protected":false},"excerpt":{"rendered":"<p>\u0130zale-i \u015euyu Davalar\u0131 AV. Emre \u00c7AKAR Hukuk B\u00fcrosu; Ortakl\u0131\u011f\u0131n giderilmesi (izale-i \u015fuyu) davas\u0131, payl\u0131 veya elbirli\u011fi m\u00fclkiyetine konu olan ta\u015f\u0131n\u0131r<\/p>\n","protected":false},"author":1,"featured_media":0,"parent":0,"menu_order":0,"comment_status":"closed","ping_status":"closed","template":"elementor_header_footer","meta":{"footnotes":""},"class_list":["post-16031","page","type-page","status-publish","hentry"],"_links":{"self":[{"href":"https:\/\/emrecakar.av.tr\/index.php\/wp-json\/wp\/v2\/pages\/16031","targetHints":{"allow":["GET"]}}],"collection":[{"href":"https:\/\/emrecakar.av.tr\/index.php\/wp-json\/wp\/v2\/pages"}],"about":[{"href":"https:\/\/emrecakar.av.tr\/index.php\/wp-json\/wp\/v2\/types\/page"}],"author":[{"embeddable":true,"href":"https:\/\/emrecakar.av.tr\/index.php\/wp-json\/wp\/v2\/users\/1"}],"replies":[{"embeddable":true,"href":"https:\/\/emrecakar.av.tr\/index.php\/wp-json\/wp\/v2\/comments?post=16031"}],"version-history":[{"count":4,"href":"https:\/\/emrecakar.av.tr\/index.php\/wp-json\/wp\/v2\/pages\/16031\/revisions"}],"predecessor-version":[{"id":16035,"href":"https:\/\/emrecakar.av.tr\/index.php\/wp-json\/wp\/v2\/pages\/16031\/revisions\/16035"}],"wp:attachment":[{"href":"https:\/\/emrecakar.av.tr\/index.php\/wp-json\/wp\/v2\/media?parent=16031"}],"curies":[{"name":"wp","href":"https:\/\/api.w.org\/{rel}","templated":true}]}}