{"id":16017,"date":"2023-08-05T23:13:47","date_gmt":"2023-08-05T20:13:47","guid":{"rendered":"https:\/\/emrecakar.av.tr\/?page_id=16017"},"modified":"2023-08-05T23:37:16","modified_gmt":"2023-08-05T20:37:16","slug":"is-ve-sosyal-guvenlik-hukuku","status":"publish","type":"page","link":"https:\/\/emrecakar.av.tr\/index.php\/is-ve-sosyal-guvenlik-hukuku\/","title":{"rendered":"\u0130\u015f ve Sosyal G\u00fcvenlik Hukuku"},"content":{"rendered":"\t\t<div data-elementor-type=\"wp-page\" data-elementor-id=\"16017\" class=\"elementor elementor-16017\">\n\t\t\t\t\t\t<section class=\"elementor-section elementor-top-section elementor-element elementor-element-b896c36 wd-section-stretch elementor-section-height-min-height elementor-section-boxed elementor-section-height-default elementor-section-items-middle\" data-id=\"b896c36\" data-element_type=\"section\" data-settings=\"{&quot;background_background&quot;:&quot;classic&quot;}\">\n\t\t\t\t\t\t\t<div class=\"elementor-background-overlay\"><\/div>\n\t\t\t\t\t\t\t<div class=\"elementor-container elementor-column-gap-default\">\n\t\t\t\t\t<div class=\"elementor-column elementor-col-100 elementor-top-column elementor-element elementor-element-5e0049c\" data-id=\"5e0049c\" data-element_type=\"column\">\n\t\t\t<div class=\"elementor-widget-wrap elementor-element-populated\">\n\t\t\t\t\t\t<div class=\"elementor-element elementor-element-a3473cc elementor-widget elementor-widget-heading\" data-id=\"a3473cc\" data-element_type=\"widget\" data-widget_type=\"heading.default\">\n\t\t\t\t<div class=\"elementor-widget-container\">\n\t\t\t\t\t<p class=\"elementor-heading-title elementor-size-default\">\u0130\u015f ve Sosyal G\u00fcvenlik Hukuku\n<\/p>\t\t\t\t<\/div>\n\t\t\t\t<\/div>\n\t\t\t\t\t<\/div>\n\t\t<\/div>\n\t\t\t\t\t<\/div>\n\t\t<\/section>\n\t\t\t\t<section class=\"elementor-section elementor-top-section elementor-element elementor-element-5f2c100 wd-section-stretch elementor-section-boxed elementor-section-height-default elementor-section-height-default\" data-id=\"5f2c100\" data-element_type=\"section\">\n\t\t\t\t\t\t<div class=\"elementor-container elementor-column-gap-default\">\n\t\t\t\t\t<div class=\"elementor-column elementor-col-100 elementor-top-column elementor-element elementor-element-fa5c2c1\" data-id=\"fa5c2c1\" data-element_type=\"column\">\n\t\t\t<div class=\"elementor-widget-wrap elementor-element-populated\">\n\t\t\t\t\t\t<section class=\"elementor-section elementor-inner-section elementor-element elementor-element-36313e1 elementor-section-boxed elementor-section-height-default elementor-section-height-default wd-section-disabled\" data-id=\"36313e1\" data-element_type=\"section\" data-settings=\"{&quot;background_background&quot;:&quot;classic&quot;}\">\n\t\t\t\t\t\t<div class=\"elementor-container elementor-column-gap-default\">\n\t\t\t\t\t<div class=\"elementor-column elementor-col-100 elementor-inner-column elementor-element elementor-element-a7b5ca1\" data-id=\"a7b5ca1\" data-element_type=\"column\">\n\t\t\t<div class=\"elementor-widget-wrap elementor-element-populated\">\n\t\t\t\t\t\t<div class=\"elementor-element elementor-element-cbf994d color-scheme-inherit text-left elementor-widget elementor-widget-text-editor\" data-id=\"cbf994d\" data-element_type=\"widget\" data-widget_type=\"text-editor.default\">\n\t\t\t\t<div class=\"elementor-widget-container\">\n\t\t\t\t\t\t\t\t\t<p>AV. Emre \u00c7AKAR Hukuk B\u00fcrosu,\u00a0<span style=\"color: #020a20; font-family: Roboto, sans-serif; font-size: 14px; font-style: normal; font-variant-ligatures: normal; font-variant-caps: normal; font-weight: 400; letter-spacing: 0.28px;\">m\u00fcvekkillerinin insan kaynaklar\u0131 birimleri ile s\u00fcrekli ileti\u015fim halinde\u00a0 \u00e7al\u0131\u015farak, istihdam s\u00fcrecinin ba\u015flad\u0131\u011f\u0131 andan sona erdi\u011fi ana kadar b\u00fct\u00fcn\u00a0 prosed\u00fcr\u00fcn yasal d\u00fczenlemelere uygun yerine getirilmesini sa\u011flamakta ve gerekli\u00a0 g\u00f6r\u00fcld\u00fc\u011f\u00fc durumlarda m\u00fcvekkil uygulamas\u0131n\u0131n mevzuata uygunlu\u011fu i\u00e7in yeniden\u00a0 tanzim edilmesine destek vermektedir.<\/span><\/p>\t\t\t\t\t\t\t\t<\/div>\n\t\t\t\t<\/div>\n\t\t\t\t\t<\/div>\n\t\t<\/div>\n\t\t\t\t\t<\/div>\n\t\t<\/section>\n\t\t\t\t<section class=\"elementor-section elementor-inner-section elementor-element elementor-element-c83fdc7 elementor-section-boxed elementor-section-height-default elementor-section-height-default wd-section-disabled\" data-id=\"c83fdc7\" data-element_type=\"section\" data-settings=\"{&quot;background_background&quot;:&quot;classic&quot;}\">\n\t\t\t\t\t\t<div class=\"elementor-container elementor-column-gap-default\">\n\t\t\t\t\t<div class=\"elementor-column elementor-col-100 elementor-inner-column elementor-element elementor-element-3687a78\" data-id=\"3687a78\" data-element_type=\"column\">\n\t\t\t<div class=\"elementor-widget-wrap elementor-element-populated\">\n\t\t\t\t\t\t<div class=\"elementor-element elementor-element-f106d21 color-scheme-inherit text-left elementor-widget elementor-widget-text-editor\" data-id=\"f106d21\" data-element_type=\"widget\" data-widget_type=\"text-editor.default\">\n\t\t\t\t<div class=\"elementor-widget-container\">\n\t\t\t\t\t\t\t\t\t<p><strong>AV. Emre \u00c7AKAR<\/strong> Hukuk B\u00fcrosu taraf\u0131ndan \u0130\u015f ve Sosyal G\u00fcvenlik Hukuku alan\u0131nda verilen hizmetlerden baz\u0131lar\u0131:<\/p>\t\t\t\t\t\t\t\t<\/div>\n\t\t\t\t<\/div>\n\t\t\t\t<div class=\"elementor-element elementor-element-a588501 color-scheme-inherit text-left elementor-widget elementor-widget-text-editor\" data-id=\"a588501\" data-element_type=\"widget\" data-widget_type=\"text-editor.default\">\n\t\t\t\t<div class=\"elementor-widget-container\">\n\t\t\t\t\t\t\t\t\t<ul><li>Toplu i\u015f\u00a0 s\u00f6zle\u015fmesi taslaklar\u0131n\u0131n haz\u0131rlanmas\u0131 ve m\u00fczakerelerin yap\u0131lmas\u0131<\/li><li>S\u00f6zle\u015fmenin feshi\u00a0 ve i\u015ften \u00e7\u0131karma konular\u0131n\u0131n sulh veya dava yolu ile halli<\/li><li>\u0130\u015f kazas\u0131 ve\u00a0 hastal\u0131klar\u0131na ili\u015fkin cezai ve hukuki sorumluluklar hakk\u0131nda dan\u0131\u015fmanl\u0131k ve y\u00fck\u00fcml\u00fcl\u00fcklerin yerine getirilmesi \u00e7al\u0131\u015fmalar\u0131n\u0131n sa\u011flanmas\u0131<\/li><li>\u00c7al\u0131\u015fma\u00a0 ortamlar\u0131n\u0131n \u00f6zellikle sa\u011fl\u0131k ve g\u00fcvenlik a\u00e7\u0131lar\u0131ndan y\u00fcr\u00fcrl\u00fckteki mevzuata\u00a0 uyumunun sa\u011flanmas\u0131<\/li><li>\u0130\u015f s\u00f6zle\u015fmelerinin\u00a0 ve ba\u011fl\u0131 prosed\u00fcrlerin Yarg\u0131tay uygulamas\u0131 \u0131\u015f\u0131\u011f\u0131nda g\u00fcncellenmesi ve\/veya\u00a0 yeniden d\u00fczenlenmesi<\/li><li>Her somut duruma\u00a0 \u00f6zg\u00fc tutanak, savunma istem yaz\u0131lar\u0131, ihtar ve fesih bildirimlerinin\u00a0 haz\u0131rlanmas\u0131<\/li><li>\u0130\u015f Kanunu, Sosyal\u00a0 Sigortalar Kanunu ve \u0130\u015fsizlik Sigortas\u0131 kanunundan do\u011fan y\u00fck\u00fcml\u00fcl\u00fcklere ili\u015fkin\u00a0 e\u011fitim hizmetlerinin sunulmas\u0131<\/li><li>Sendikal\u00a0 faaliyetler ile ilgili ihtilaflar\u0131n \u00e7\u00f6z\u00fcmlenmesi<\/li><\/ul>\t\t\t\t\t\t\t\t<\/div>\n\t\t\t\t<\/div>\n\t\t\t\t\t<\/div>\n\t\t<\/div>\n\t\t\t\t\t<\/div>\n\t\t<\/section>\n\t\t\t\t\t<\/div>\n\t\t<\/div>\n\t\t\t\t\t<\/div>\n\t\t<\/section>\n\t\t\t\t<\/div>\n\t\t","protected":false},"excerpt":{"rendered":"<p>\u0130\u015f ve Sosyal G\u00fcvenlik Hukuku AV. Emre \u00c7AKAR Hukuk B\u00fcrosu,\u00a0m\u00fcvekkillerinin insan kaynaklar\u0131 birimleri ile s\u00fcrekli ileti\u015fim halinde\u00a0 \u00e7al\u0131\u015farak, istihdam s\u00fcrecinin<\/p>\n","protected":false},"author":1,"featured_media":0,"parent":0,"menu_order":0,"comment_status":"closed","ping_status":"closed","template":"elementor_header_footer","meta":{"footnotes":""},"class_list":["post-16017","page","type-page","status-publish","hentry"],"_links":{"self":[{"href":"https:\/\/emrecakar.av.tr\/index.php\/wp-json\/wp\/v2\/pages\/16017","targetHints":{"allow":["GET"]}}],"collection":[{"href":"https:\/\/emrecakar.av.tr\/index.php\/wp-json\/wp\/v2\/pages"}],"about":[{"href":"https:\/\/emrecakar.av.tr\/index.php\/wp-json\/wp\/v2\/types\/page"}],"author":[{"embeddable":true,"href":"https:\/\/emrecakar.av.tr\/index.php\/wp-json\/wp\/v2\/users\/1"}],"replies":[{"embeddable":true,"href":"https:\/\/emrecakar.av.tr\/index.php\/wp-json\/wp\/v2\/comments?post=16017"}],"version-history":[{"count":4,"href":"https:\/\/emrecakar.av.tr\/index.php\/wp-json\/wp\/v2\/pages\/16017\/revisions"}],"predecessor-version":[{"id":16022,"href":"https:\/\/emrecakar.av.tr\/index.php\/wp-json\/wp\/v2\/pages\/16017\/revisions\/16022"}],"wp:attachment":[{"href":"https:\/\/emrecakar.av.tr\/index.php\/wp-json\/wp\/v2\/media?parent=16017"}],"curies":[{"name":"wp","href":"https:\/\/api.w.org\/{rel}","templated":true}]}}