{"id":16007,"date":"2023-08-05T23:07:26","date_gmt":"2023-08-05T20:07:26","guid":{"rendered":"https:\/\/emrecakar.av.tr\/?page_id=16007"},"modified":"2023-08-05T23:08:59","modified_gmt":"2023-08-05T20:08:59","slug":"enerji-ve-madencilik-hukuku","status":"publish","type":"page","link":"https:\/\/emrecakar.av.tr\/index.php\/enerji-ve-madencilik-hukuku\/","title":{"rendered":"Enerji ve Madencilik Hukuku"},"content":{"rendered":"\t\t<div data-elementor-type=\"wp-page\" data-elementor-id=\"16007\" class=\"elementor elementor-16007\">\n\t\t\t\t\t\t<section class=\"elementor-section elementor-top-section elementor-element elementor-element-b896c36 wd-section-stretch elementor-section-height-min-height elementor-section-boxed elementor-section-height-default elementor-section-items-middle\" data-id=\"b896c36\" data-element_type=\"section\" data-settings=\"{&quot;background_background&quot;:&quot;classic&quot;}\">\n\t\t\t\t\t\t\t<div class=\"elementor-background-overlay\"><\/div>\n\t\t\t\t\t\t\t<div class=\"elementor-container elementor-column-gap-default\">\n\t\t\t\t\t<div class=\"elementor-column elementor-col-100 elementor-top-column elementor-element elementor-element-5e0049c\" data-id=\"5e0049c\" data-element_type=\"column\">\n\t\t\t<div class=\"elementor-widget-wrap elementor-element-populated\">\n\t\t\t\t\t\t<div class=\"elementor-element elementor-element-a3473cc elementor-widget elementor-widget-heading\" data-id=\"a3473cc\" data-element_type=\"widget\" data-widget_type=\"heading.default\">\n\t\t\t\t<div class=\"elementor-widget-container\">\n\t\t\t\t\t<p class=\"elementor-heading-title elementor-size-default\">Enerji ve Madencilik Hukuku<\/p>\t\t\t\t<\/div>\n\t\t\t\t<\/div>\n\t\t\t\t\t<\/div>\n\t\t<\/div>\n\t\t\t\t\t<\/div>\n\t\t<\/section>\n\t\t\t\t<section class=\"elementor-section elementor-top-section elementor-element elementor-element-5f2c100 wd-section-stretch elementor-section-boxed elementor-section-height-default elementor-section-height-default\" data-id=\"5f2c100\" data-element_type=\"section\">\n\t\t\t\t\t\t<div class=\"elementor-container elementor-column-gap-default\">\n\t\t\t\t\t<div class=\"elementor-column elementor-col-100 elementor-top-column elementor-element elementor-element-fa5c2c1\" data-id=\"fa5c2c1\" data-element_type=\"column\">\n\t\t\t<div class=\"elementor-widget-wrap elementor-element-populated\">\n\t\t\t\t\t\t<section class=\"elementor-section elementor-inner-section elementor-element elementor-element-36313e1 elementor-section-boxed elementor-section-height-default elementor-section-height-default wd-section-disabled\" data-id=\"36313e1\" data-element_type=\"section\" data-settings=\"{&quot;background_background&quot;:&quot;classic&quot;}\">\n\t\t\t\t\t\t<div class=\"elementor-container elementor-column-gap-default\">\n\t\t\t\t\t<div class=\"elementor-column elementor-col-100 elementor-inner-column elementor-element elementor-element-a7b5ca1\" data-id=\"a7b5ca1\" data-element_type=\"column\">\n\t\t\t<div class=\"elementor-widget-wrap elementor-element-populated\">\n\t\t\t\t\t\t<div class=\"elementor-element elementor-element-cbf994d color-scheme-inherit text-left elementor-widget elementor-widget-text-editor\" data-id=\"cbf994d\" data-element_type=\"widget\" data-widget_type=\"text-editor.default\">\n\t\t\t\t<div class=\"elementor-widget-container\">\n\t\t\t\t\t\t\t\t\t<p>AV. Emre \u00c7AKAR Hukuk B\u00fcrosu,\u00a0<span style=\"color: #020a20; font-family: Roboto, sans-serif; font-size: 14px; font-style: normal; font-variant-ligatures: normal; font-variant-caps: normal; font-weight: 400; letter-spacing: 0.28px;\">elektrik, r\u00fczgar, do\u011fal gaz, g\u00fcne\u015f enerjisi yan\u0131 s\u0131ra biok\u00fctle, bioyak\u0131t gibi yenilenebilir enerji alanlar\u0131nda \u00fcretim, da\u011f\u0131t\u0131m ve finansman konular\u0131nda dan\u0131\u015fmanl\u0131k hizmeti vermektedir. Sekt\u00f6rdeki ba\u015fl\u0131ca i\u015ftigal konular\u0131 olarak enerji santralleri, petrol, gaz ve maden s\u0131ralanabilmektedir. Enerji sekt\u00f6r\u00fcndeki s\u00f6zle\u015fmeler konusunda uzmanla\u015fan hukuk b\u00fcromuz, sekt\u00f6r\u00fcn \u00f6nemli \u00f6zelle\u015ftirmelerinde de hukuki dan\u0131\u015fman olarak yer alm\u0131\u015ft\u0131r.<\/span><\/p>\t\t\t\t\t\t\t\t<\/div>\n\t\t\t\t<\/div>\n\t\t\t\t\t<\/div>\n\t\t<\/div>\n\t\t\t\t\t<\/div>\n\t\t<\/section>\n\t\t\t\t<section class=\"elementor-section elementor-inner-section elementor-element elementor-element-c83fdc7 elementor-section-boxed elementor-section-height-default elementor-section-height-default wd-section-disabled\" data-id=\"c83fdc7\" data-element_type=\"section\" data-settings=\"{&quot;background_background&quot;:&quot;classic&quot;}\">\n\t\t\t\t\t\t<div class=\"elementor-container elementor-column-gap-default\">\n\t\t\t\t\t<div class=\"elementor-column elementor-col-100 elementor-inner-column elementor-element elementor-element-3687a78\" data-id=\"3687a78\" data-element_type=\"column\">\n\t\t\t<div class=\"elementor-widget-wrap elementor-element-populated\">\n\t\t\t\t\t\t<div class=\"elementor-element elementor-element-f106d21 color-scheme-inherit text-left elementor-widget elementor-widget-text-editor\" data-id=\"f106d21\" data-element_type=\"widget\" data-widget_type=\"text-editor.default\">\n\t\t\t\t<div class=\"elementor-widget-container\">\n\t\t\t\t\t\t\t\t\t<p><strong>AV. Emre \u00c7AKAR Hukuk B\u00fcrosu<\/strong>\u00a0taraf\u0131ndan Enerji ve Madencilik alan\u0131nda verilen hizmetlerden baz\u0131lar\u0131:<\/p>\t\t\t\t\t\t\t\t<\/div>\n\t\t\t\t<\/div>\n\t\t\t\t<div class=\"elementor-element elementor-element-a588501 color-scheme-inherit text-left elementor-widget elementor-widget-text-editor\" data-id=\"a588501\" data-element_type=\"widget\" data-widget_type=\"text-editor.default\">\n\t\t\t\t<div class=\"elementor-widget-container\">\n\t\t\t\t\t\t\t\t\t<ul><li>Enerji piyasas\u0131 ile ilgili her t\u00fcrl\u00fc lisans ba\u015fvurular\u0131 ve tadilleri<\/li><li>EPDK ile ilgili her t\u00fcrl\u00fc prosed\u00fcr\u00fcn ger\u00e7ekle\u015ftirilmesi<\/li><li>Enerji \u015firketlerinin kurulumu, bu \u015firketler ile ilgili due diligence raporlar\u0131n\u0131n haz\u0131rlanmas\u0131, hisse devirleri<\/li><li>Emission reduction purchase agreement (ERPA)<\/li><li>\u0130mtiyaz s\u00f6zle\u015fmeleri<\/li><li>Sondaj ve rehabilitasyon s\u00f6zle\u015fmeleri<\/li><li>\u00dcretim payla\u015f\u0131m s\u00f6zle\u015fmeleri\u00a0<\/li><li>Vergi da\u011f\u0131t\u0131m s\u00f6zle\u015fmeleri<\/li><li>Lisans s\u00f6zle\u015fmeleri<\/li><li>\u00a0<\/li><\/ul>\t\t\t\t\t\t\t\t<\/div>\n\t\t\t\t<\/div>\n\t\t\t\t\t<\/div>\n\t\t<\/div>\n\t\t\t\t\t<\/div>\n\t\t<\/section>\n\t\t\t\t\t<\/div>\n\t\t<\/div>\n\t\t\t\t\t<\/div>\n\t\t<\/section>\n\t\t\t\t<\/div>\n\t\t","protected":false},"excerpt":{"rendered":"<p>Enerji ve Madencilik Hukuku AV. Emre \u00c7AKAR Hukuk B\u00fcrosu,\u00a0elektrik, r\u00fczgar, do\u011fal gaz, g\u00fcne\u015f enerjisi yan\u0131 s\u0131ra biok\u00fctle, bioyak\u0131t gibi yenilenebilir<\/p>\n","protected":false},"author":1,"featured_media":0,"parent":0,"menu_order":0,"comment_status":"closed","ping_status":"closed","template":"elementor_header_footer","meta":{"footnotes":""},"class_list":["post-16007","page","type-page","status-publish","hentry"],"_links":{"self":[{"href":"https:\/\/emrecakar.av.tr\/index.php\/wp-json\/wp\/v2\/pages\/16007","targetHints":{"allow":["GET"]}}],"collection":[{"href":"https:\/\/emrecakar.av.tr\/index.php\/wp-json\/wp\/v2\/pages"}],"about":[{"href":"https:\/\/emrecakar.av.tr\/index.php\/wp-json\/wp\/v2\/types\/page"}],"author":[{"embeddable":true,"href":"https:\/\/emrecakar.av.tr\/index.php\/wp-json\/wp\/v2\/users\/1"}],"replies":[{"embeddable":true,"href":"https:\/\/emrecakar.av.tr\/index.php\/wp-json\/wp\/v2\/comments?post=16007"}],"version-history":[{"count":4,"href":"https:\/\/emrecakar.av.tr\/index.php\/wp-json\/wp\/v2\/pages\/16007\/revisions"}],"predecessor-version":[{"id":16011,"href":"https:\/\/emrecakar.av.tr\/index.php\/wp-json\/wp\/v2\/pages\/16007\/revisions\/16011"}],"wp:attachment":[{"href":"https:\/\/emrecakar.av.tr\/index.php\/wp-json\/wp\/v2\/media?parent=16007"}],"curies":[{"name":"wp","href":"https:\/\/api.w.org\/{rel}","templated":true}]}}