{"id":16002,"date":"2023-08-05T23:00:34","date_gmt":"2023-08-05T20:00:34","guid":{"rendered":"https:\/\/emrecakar.av.tr\/?page_id=16002"},"modified":"2023-08-05T23:06:04","modified_gmt":"2023-08-05T20:06:04","slug":"bilisim-hukuku","status":"publish","type":"page","link":"https:\/\/emrecakar.av.tr\/index.php\/bilisim-hukuku\/","title":{"rendered":"Bili\u015fim Hukuku"},"content":{"rendered":"\t\t<div data-elementor-type=\"wp-page\" data-elementor-id=\"16002\" class=\"elementor elementor-16002\">\n\t\t\t\t\t\t<section class=\"elementor-section elementor-top-section elementor-element elementor-element-b896c36 wd-section-stretch elementor-section-height-min-height elementor-section-boxed elementor-section-height-default elementor-section-items-middle\" data-id=\"b896c36\" data-element_type=\"section\" data-settings=\"{&quot;background_background&quot;:&quot;classic&quot;}\">\n\t\t\t\t\t\t\t<div class=\"elementor-background-overlay\"><\/div>\n\t\t\t\t\t\t\t<div class=\"elementor-container elementor-column-gap-default\">\n\t\t\t\t\t<div class=\"elementor-column elementor-col-100 elementor-top-column elementor-element elementor-element-5e0049c\" data-id=\"5e0049c\" data-element_type=\"column\">\n\t\t\t<div class=\"elementor-widget-wrap elementor-element-populated\">\n\t\t\t\t\t\t<div class=\"elementor-element elementor-element-a3473cc elementor-widget elementor-widget-heading\" data-id=\"a3473cc\" data-element_type=\"widget\" data-widget_type=\"heading.default\">\n\t\t\t\t<div class=\"elementor-widget-container\">\n\t\t\t\t\t<p class=\"elementor-heading-title elementor-size-default\">Bili\u015fim Hukuku<\/p>\t\t\t\t<\/div>\n\t\t\t\t<\/div>\n\t\t\t\t\t<\/div>\n\t\t<\/div>\n\t\t\t\t\t<\/div>\n\t\t<\/section>\n\t\t\t\t<section class=\"elementor-section elementor-top-section elementor-element elementor-element-5f2c100 wd-section-stretch elementor-section-boxed elementor-section-height-default elementor-section-height-default\" data-id=\"5f2c100\" data-element_type=\"section\">\n\t\t\t\t\t\t<div class=\"elementor-container elementor-column-gap-default\">\n\t\t\t\t\t<div class=\"elementor-column elementor-col-100 elementor-top-column elementor-element elementor-element-fa5c2c1\" data-id=\"fa5c2c1\" data-element_type=\"column\">\n\t\t\t<div class=\"elementor-widget-wrap elementor-element-populated\">\n\t\t\t\t\t\t<section class=\"elementor-section elementor-inner-section elementor-element elementor-element-36313e1 elementor-section-boxed elementor-section-height-default elementor-section-height-default wd-section-disabled\" data-id=\"36313e1\" data-element_type=\"section\" data-settings=\"{&quot;background_background&quot;:&quot;classic&quot;}\">\n\t\t\t\t\t\t<div class=\"elementor-container elementor-column-gap-default\">\n\t\t\t\t\t<div class=\"elementor-column elementor-col-100 elementor-inner-column elementor-element elementor-element-a7b5ca1\" data-id=\"a7b5ca1\" data-element_type=\"column\">\n\t\t\t<div class=\"elementor-widget-wrap elementor-element-populated\">\n\t\t\t\t\t\t<div class=\"elementor-element elementor-element-cbf994d color-scheme-inherit text-left elementor-widget elementor-widget-text-editor\" data-id=\"cbf994d\" data-element_type=\"widget\" data-widget_type=\"text-editor.default\">\n\t\t\t\t<div class=\"elementor-widget-container\">\n\t\t\t\t\t\t\t\t\t<p>AV. Emre \u00c7AKAR Hukuk B\u00fcrosu,\u00a0<span style=\"color: #020a20; font-family: Roboto, sans-serif; font-size: 14px; font-style: normal; font-variant-ligatures: normal; font-variant-caps: normal; font-weight: 400; letter-spacing: 0.28px;\">bili\u015fim departman\u0131, uzmanl\u0131\u011f\u0131n\u0131 bu alanda yapm\u0131\u015f avukatlarla; bilgi teknolojileri hukuku, lisanslama, muafiyetler, istisnalar, fikri m\u00fclkiyet haklar\u0131 y\u00f6netimi gibi spesifik alanlarda derin ve \u00e7\u00f6z\u00fcm odakl\u0131 hukuki hizmetler vermektedir.<\/span><\/p>\t\t\t\t\t\t\t\t<\/div>\n\t\t\t\t<\/div>\n\t\t\t\t\t<\/div>\n\t\t<\/div>\n\t\t\t\t\t<\/div>\n\t\t<\/section>\n\t\t\t\t<section class=\"elementor-section elementor-inner-section elementor-element elementor-element-c83fdc7 elementor-section-boxed elementor-section-height-default elementor-section-height-default wd-section-disabled\" data-id=\"c83fdc7\" data-element_type=\"section\" data-settings=\"{&quot;background_background&quot;:&quot;classic&quot;}\">\n\t\t\t\t\t\t<div class=\"elementor-container elementor-column-gap-default\">\n\t\t\t\t\t<div class=\"elementor-column elementor-col-100 elementor-inner-column elementor-element elementor-element-3687a78\" data-id=\"3687a78\" data-element_type=\"column\">\n\t\t\t<div class=\"elementor-widget-wrap elementor-element-populated\">\n\t\t\t\t\t\t<div class=\"elementor-element elementor-element-f106d21 color-scheme-inherit text-left elementor-widget elementor-widget-text-editor\" data-id=\"f106d21\" data-element_type=\"widget\" data-widget_type=\"text-editor.default\">\n\t\t\t\t<div class=\"elementor-widget-container\">\n\t\t\t\t\t\t\t\t\t<h3>Bu \u00e7er\u00e7evede:<\/h3>\t\t\t\t\t\t\t\t<\/div>\n\t\t\t\t<\/div>\n\t\t\t\t<div class=\"elementor-element elementor-element-a588501 color-scheme-inherit text-left elementor-widget elementor-widget-text-editor\" data-id=\"a588501\" data-element_type=\"widget\" data-widget_type=\"text-editor.default\">\n\t\t\t\t<div class=\"elementor-widget-container\">\n\t\t\t\t\t\t\t\t\t<ul><li>Bili\u015fim Teknolojileri hukuku alan\u0131nda en g\u00fcncel geli\u015fmelerin takibi<\/li><li>Bilgi Teknolojileri alanlar\u0131nda spesifik hukuk \u00e7\u00f6z\u00fcmlerinin sunulmas\u0131<\/li><li>Lisanslama, fikri m\u00fclkiyet haklar\u0131n\u0131n korunmas\u0131, kay\u0131t ve tescil kapsam\u0131nda i\u015flemlerin takibi<\/li><li>Hukuki a\u00e7\u0131dan sorunsuz i\u015f s\u00fcre\u00e7leri a\u011f\u0131rl\u0131kl\u0131 y\u00fcr\u00fctebilmelerini sa\u011flamak i\u00e7in hukuki risk analizi, s\u00f6zle\u015fme dan\u0131\u015fmanl\u0131\u011f\u0131 ve genel hukuk dan\u0131\u015fmanl\u0131\u011f\u0131 \u00a0hizmetlerini sunulmas\u0131 ve a\u011f\u0131rl\u0131kl\u0131 olarak bili\u015fim hukuku, marka ve telif haklar\u0131, alan adlar\u0131ndan kaynaklanan uyu\u015fmazl\u0131klar, bayii ili\u015fkileri konular\u0131nda dan\u0131\u015fmanl\u0131k hizmeti sunulmas\u0131<\/li><li>\u0130nternet i\u00e7erik sa\u011flay\u0131c\u0131 ve yer sa\u011flay\u0131c\u0131s\u0131na y\u00f6nelik dan\u0131\u015fmanl\u0131k hizmeti verilmesi<\/li><li>\u0130nternet \u00fczerinden mal ve hizmet satan \u015firketlere y\u00f6nelik olarak hukuki dan\u0131\u015fmanl\u0131k hizmetleri verilmesi ve hukuki alt yap\u0131n\u0131n haz\u0131rlanmas\u0131<\/li><li>\u0130nternet yoluyla olu\u015fan ihlallerin takibi ve sonu\u00e7land\u0131r\u0131lmas\u0131<\/li><li>E-ticaret ve e-imza konular\u0131ndaki uygulamalara y\u00f6nelik hukuki dan\u0131\u015fmanl\u0131k hizmetlerinin verilmesi<\/li><li>\u00a0<\/li><\/ul>\t\t\t\t\t\t\t\t<\/div>\n\t\t\t\t<\/div>\n\t\t\t\t\t<\/div>\n\t\t<\/div>\n\t\t\t\t\t<\/div>\n\t\t<\/section>\n\t\t\t\t\t<\/div>\n\t\t<\/div>\n\t\t\t\t\t<\/div>\n\t\t<\/section>\n\t\t\t\t<\/div>\n\t\t","protected":false},"excerpt":{"rendered":"<p>Bili\u015fim Hukuku AV. Emre \u00c7AKAR Hukuk B\u00fcrosu,\u00a0bili\u015fim departman\u0131, uzmanl\u0131\u011f\u0131n\u0131 bu alanda yapm\u0131\u015f avukatlarla; bilgi teknolojileri hukuku, lisanslama, muafiyetler, istisnalar, fikri<\/p>\n","protected":false},"author":1,"featured_media":0,"parent":0,"menu_order":0,"comment_status":"closed","ping_status":"closed","template":"elementor_header_footer","meta":{"footnotes":""},"class_list":["post-16002","page","type-page","status-publish","hentry"],"_links":{"self":[{"href":"https:\/\/emrecakar.av.tr\/index.php\/wp-json\/wp\/v2\/pages\/16002","targetHints":{"allow":["GET"]}}],"collection":[{"href":"https:\/\/emrecakar.av.tr\/index.php\/wp-json\/wp\/v2\/pages"}],"about":[{"href":"https:\/\/emrecakar.av.tr\/index.php\/wp-json\/wp\/v2\/types\/page"}],"author":[{"embeddable":true,"href":"https:\/\/emrecakar.av.tr\/index.php\/wp-json\/wp\/v2\/users\/1"}],"replies":[{"embeddable":true,"href":"https:\/\/emrecakar.av.tr\/index.php\/wp-json\/wp\/v2\/comments?post=16002"}],"version-history":[{"count":4,"href":"https:\/\/emrecakar.av.tr\/index.php\/wp-json\/wp\/v2\/pages\/16002\/revisions"}],"predecessor-version":[{"id":16006,"href":"https:\/\/emrecakar.av.tr\/index.php\/wp-json\/wp\/v2\/pages\/16002\/revisions\/16006"}],"wp:attachment":[{"href":"https:\/\/emrecakar.av.tr\/index.php\/wp-json\/wp\/v2\/media?parent=16002"}],"curies":[{"name":"wp","href":"https:\/\/api.w.org\/{rel}","templated":true}]}}