{"id":15994,"date":"2023-08-05T22:57:40","date_gmt":"2023-08-05T19:57:40","guid":{"rendered":"https:\/\/emrecakar.av.tr\/?page_id=15994"},"modified":"2023-08-05T22:59:16","modified_gmt":"2023-08-05T19:59:16","slug":"fikri-mulkiyet-hukuku","status":"publish","type":"page","link":"https:\/\/emrecakar.av.tr\/index.php\/fikri-mulkiyet-hukuku\/","title":{"rendered":"Fikri M\u00fclkiyet Hukuku"},"content":{"rendered":"\t\t<div data-elementor-type=\"wp-page\" data-elementor-id=\"15994\" class=\"elementor elementor-15994\">\n\t\t\t\t\t\t<section class=\"elementor-section elementor-top-section elementor-element elementor-element-b896c36 wd-section-stretch elementor-section-height-min-height elementor-section-boxed elementor-section-height-default elementor-section-items-middle\" data-id=\"b896c36\" data-element_type=\"section\" data-settings=\"{&quot;background_background&quot;:&quot;classic&quot;}\">\n\t\t\t\t\t\t\t<div class=\"elementor-background-overlay\"><\/div>\n\t\t\t\t\t\t\t<div class=\"elementor-container elementor-column-gap-default\">\n\t\t\t\t\t<div class=\"elementor-column elementor-col-100 elementor-top-column elementor-element elementor-element-5e0049c\" data-id=\"5e0049c\" data-element_type=\"column\">\n\t\t\t<div class=\"elementor-widget-wrap elementor-element-populated\">\n\t\t\t\t\t\t<div class=\"elementor-element elementor-element-a3473cc elementor-widget elementor-widget-heading\" data-id=\"a3473cc\" data-element_type=\"widget\" data-widget_type=\"heading.default\">\n\t\t\t\t<div class=\"elementor-widget-container\">\n\t\t\t\t\t<p class=\"elementor-heading-title elementor-size-default\">Sayfa Ba\u015fl\u0131\u011f\u0131<\/p>\t\t\t\t<\/div>\n\t\t\t\t<\/div>\n\t\t\t\t\t<\/div>\n\t\t<\/div>\n\t\t\t\t\t<\/div>\n\t\t<\/section>\n\t\t\t\t<section class=\"elementor-section elementor-top-section elementor-element elementor-element-5f2c100 wd-section-stretch elementor-section-boxed elementor-section-height-default elementor-section-height-default\" data-id=\"5f2c100\" data-element_type=\"section\">\n\t\t\t\t\t\t<div class=\"elementor-container elementor-column-gap-default\">\n\t\t\t\t\t<div class=\"elementor-column elementor-col-100 elementor-top-column elementor-element elementor-element-fa5c2c1\" data-id=\"fa5c2c1\" data-element_type=\"column\">\n\t\t\t<div class=\"elementor-widget-wrap elementor-element-populated\">\n\t\t\t\t\t\t<section class=\"elementor-section elementor-inner-section elementor-element elementor-element-36313e1 elementor-section-boxed elementor-section-height-default elementor-section-height-default wd-section-disabled\" data-id=\"36313e1\" data-element_type=\"section\" data-settings=\"{&quot;background_background&quot;:&quot;classic&quot;}\">\n\t\t\t\t\t\t<div class=\"elementor-container elementor-column-gap-default\">\n\t\t\t\t\t<div class=\"elementor-column elementor-col-100 elementor-inner-column elementor-element elementor-element-a7b5ca1\" data-id=\"a7b5ca1\" data-element_type=\"column\">\n\t\t\t<div class=\"elementor-widget-wrap elementor-element-populated\">\n\t\t\t\t\t\t<div class=\"elementor-element elementor-element-cbf994d color-scheme-inherit text-left elementor-widget elementor-widget-text-editor\" data-id=\"cbf994d\" data-element_type=\"widget\" data-widget_type=\"text-editor.default\">\n\t\t\t\t<div class=\"elementor-widget-container\">\n\t\t\t\t\t\t\t\t\t<p>AV. Emre \u00c7AKAR Hukuk B\u00fcrosu,\u00a0<span style=\"color: #020a20; font-family: Roboto, sans-serif; font-size: 14px; font-style: normal; font-variant-ligatures: normal; font-variant-caps: normal; font-weight: 400; letter-spacing: 0.28px;\">Globalle\u015fen d\u00fcnyada \u00a0uluslararas\u0131 ticaretin h\u0131zla yayg\u0131nla\u015fmas\u0131, yerli ve yabanc\u0131 firmalar\u0131n \u00a0kendilerine ait \u00fcr\u00fcnlerin ve hizmetlerin ay\u0131rt edici karakteristik y\u00f6nlerini \u00a0korumas\u0131 gereklili\u011fini art\u0131rm\u0131\u015ft\u0131r. Bu \u00e7er\u00e7evede Fikri S\u0131na\u00ee Haklar Hukuku \u00a0T\u00fcrkiyede de h\u0131zla geli\u015fmi\u015f, AV. Emre \u00c7akar Hukuk B\u00fcrosu bu s\u00fcre\u00e7te fikri m\u00fclkiyet hukukunun T\u00fcrkiye&#8217;de geli\u015fmesinde teorik ve pratik anlamda katk\u0131 sa\u011flam\u0131\u015ft\u0131r.<\/span><\/p>\t\t\t\t\t\t\t\t<\/div>\n\t\t\t\t<\/div>\n\t\t\t\t\t<\/div>\n\t\t<\/div>\n\t\t\t\t\t<\/div>\n\t\t<\/section>\n\t\t\t\t<section class=\"elementor-section elementor-inner-section elementor-element elementor-element-c83fdc7 elementor-section-boxed elementor-section-height-default elementor-section-height-default wd-section-disabled\" data-id=\"c83fdc7\" data-element_type=\"section\" data-settings=\"{&quot;background_background&quot;:&quot;classic&quot;}\">\n\t\t\t\t\t\t<div class=\"elementor-container elementor-column-gap-default\">\n\t\t\t\t\t<div class=\"elementor-column elementor-col-100 elementor-inner-column elementor-element elementor-element-3687a78\" data-id=\"3687a78\" data-element_type=\"column\">\n\t\t\t<div class=\"elementor-widget-wrap elementor-element-populated\">\n\t\t\t\t\t\t<div class=\"elementor-element elementor-element-f106d21 color-scheme-inherit text-left elementor-widget elementor-widget-text-editor\" data-id=\"f106d21\" data-element_type=\"widget\" data-widget_type=\"text-editor.default\">\n\t\t\t\t<div class=\"elementor-widget-container\">\n\t\t\t\t\t\t\t\t\t<p><strong>AV. Emre \u00c7AKAR<\/strong> Hukuk B\u00fcrosu taraf\u0131ndan Fikri M\u00fclkiyet Hukuku verilen hizmetlerden baz\u0131lar\u0131 \u015funlard\u0131r:<\/p>\t\t\t\t\t\t\t\t<\/div>\n\t\t\t\t<\/div>\n\t\t\t\t<div class=\"elementor-element elementor-element-a588501 color-scheme-inherit text-left elementor-widget elementor-widget-text-editor\" data-id=\"a588501\" data-element_type=\"widget\" data-widget_type=\"text-editor.default\">\n\t\t\t\t<div class=\"elementor-widget-container\">\n\t\t\t\t\t\t\t\t\t<ul><li>Marka, patent, \u00a0end\u00fcstriyel tasar\u0131m ve faydal\u0131 modellerin ulusal ve uluslararas\u0131 alanda ara\u015ft\u0131r\u0131lmas\u0131, \u00a0tescili, korunmas\u0131 ve devri i\u015flemleri<\/li><li>Marka, patent, \u00a0end\u00fcstriyel tasar\u0131m ve faydal\u0131 model haklar\u0131 ile ilgil\u0130 dan\u0131\u015fmanl\u0131k hizmeti \u00a0verilmesi ve uyu\u015fmazl\u0131klardan do\u011fan davalar\u0131n takibi<\/li><li>Telif haklar\u0131<\/li><li>Ticari s\u0131rlar\u0131n \u00a0k\u00f6t\u00fcye kullan\u0131lmas\u0131n\u0131n engellenmesi<\/li><li>Birle\u015fme \u00a0devralmalarda fikri m\u00fclkiyet haklar\u0131 ile ilgili dan\u0131\u015fmanl\u0131k \u00a0hizmeti verilmesi<\/li><li>Lisans s\u00f6zle\u015fmelerinin haz\u0131rlanmas\u0131 ve lisans \u00a0verme\/alma g\u00f6r\u00fc\u015fmelerinde dan\u0131\u015fmanl\u0131k hizmeti verilmesi<\/li><\/ul>\t\t\t\t\t\t\t\t<\/div>\n\t\t\t\t<\/div>\n\t\t\t\t\t<\/div>\n\t\t<\/div>\n\t\t\t\t\t<\/div>\n\t\t<\/section>\n\t\t\t\t\t<\/div>\n\t\t<\/div>\n\t\t\t\t\t<\/div>\n\t\t<\/section>\n\t\t\t\t<\/div>\n\t\t","protected":false},"excerpt":{"rendered":"<p>Sayfa Ba\u015fl\u0131\u011f\u0131 AV. Emre \u00c7AKAR Hukuk B\u00fcrosu,\u00a0Globalle\u015fen d\u00fcnyada \u00a0uluslararas\u0131 ticaretin h\u0131zla yayg\u0131nla\u015fmas\u0131, yerli ve yabanc\u0131 firmalar\u0131n \u00a0kendilerine ait \u00fcr\u00fcnlerin ve<\/p>\n","protected":false},"author":1,"featured_media":0,"parent":0,"menu_order":0,"comment_status":"closed","ping_status":"closed","template":"elementor_header_footer","meta":{"footnotes":""},"class_list":["post-15994","page","type-page","status-publish","hentry"],"_links":{"self":[{"href":"https:\/\/emrecakar.av.tr\/index.php\/wp-json\/wp\/v2\/pages\/15994","targetHints":{"allow":["GET"]}}],"collection":[{"href":"https:\/\/emrecakar.av.tr\/index.php\/wp-json\/wp\/v2\/pages"}],"about":[{"href":"https:\/\/emrecakar.av.tr\/index.php\/wp-json\/wp\/v2\/types\/page"}],"author":[{"embeddable":true,"href":"https:\/\/emrecakar.av.tr\/index.php\/wp-json\/wp\/v2\/users\/1"}],"replies":[{"embeddable":true,"href":"https:\/\/emrecakar.av.tr\/index.php\/wp-json\/wp\/v2\/comments?post=15994"}],"version-history":[{"count":7,"href":"https:\/\/emrecakar.av.tr\/index.php\/wp-json\/wp\/v2\/pages\/15994\/revisions"}],"predecessor-version":[{"id":16001,"href":"https:\/\/emrecakar.av.tr\/index.php\/wp-json\/wp\/v2\/pages\/15994\/revisions\/16001"}],"wp:attachment":[{"href":"https:\/\/emrecakar.av.tr\/index.php\/wp-json\/wp\/v2\/media?parent=15994"}],"curies":[{"name":"wp","href":"https:\/\/api.w.org\/{rel}","templated":true}]}}