{"id":15933,"date":"2023-08-05T20:41:20","date_gmt":"2023-08-05T17:41:20","guid":{"rendered":"https:\/\/emrecakar.av.tr\/?page_id=15933"},"modified":"2023-08-05T21:16:16","modified_gmt":"2023-08-05T18:16:16","slug":"aile-hukuku","status":"publish","type":"page","link":"https:\/\/emrecakar.av.tr\/index.php\/aile-hukuku\/","title":{"rendered":"Aile Hukuku"},"content":{"rendered":"\t\t<div data-elementor-type=\"wp-page\" data-elementor-id=\"15933\" class=\"elementor elementor-15933\">\n\t\t\t\t\t\t<section class=\"elementor-section elementor-top-section elementor-element elementor-element-b896c36 wd-section-stretch elementor-section-height-min-height elementor-section-boxed elementor-section-height-default elementor-section-items-middle\" data-id=\"b896c36\" data-element_type=\"section\" data-settings=\"{&quot;background_background&quot;:&quot;classic&quot;}\">\n\t\t\t\t\t\t\t<div class=\"elementor-background-overlay\"><\/div>\n\t\t\t\t\t\t\t<div class=\"elementor-container elementor-column-gap-default\">\n\t\t\t\t\t<div class=\"elementor-column elementor-col-100 elementor-top-column elementor-element elementor-element-5e0049c\" data-id=\"5e0049c\" data-element_type=\"column\">\n\t\t\t<div class=\"elementor-widget-wrap elementor-element-populated\">\n\t\t\t\t\t\t<div class=\"elementor-element elementor-element-a3473cc elementor-widget elementor-widget-heading\" data-id=\"a3473cc\" data-element_type=\"widget\" data-widget_type=\"heading.default\">\n\t\t\t\t<div class=\"elementor-widget-container\">\n\t\t\t\t\t<p class=\"elementor-heading-title elementor-size-default\">Aile Hukuku<\/p>\t\t\t\t<\/div>\n\t\t\t\t<\/div>\n\t\t\t\t\t<\/div>\n\t\t<\/div>\n\t\t\t\t\t<\/div>\n\t\t<\/section>\n\t\t\t\t<section class=\"elementor-section elementor-top-section elementor-element elementor-element-5f2c100 wd-section-stretch elementor-section-boxed elementor-section-height-default elementor-section-height-default\" data-id=\"5f2c100\" data-element_type=\"section\">\n\t\t\t\t\t\t<div class=\"elementor-container elementor-column-gap-default\">\n\t\t\t\t\t<div class=\"elementor-column elementor-col-100 elementor-top-column elementor-element elementor-element-fa5c2c1\" data-id=\"fa5c2c1\" data-element_type=\"column\">\n\t\t\t<div class=\"elementor-widget-wrap elementor-element-populated\">\n\t\t\t\t\t\t<section class=\"elementor-section elementor-inner-section elementor-element elementor-element-36313e1 elementor-section-boxed elementor-section-height-default elementor-section-height-default wd-section-disabled\" data-id=\"36313e1\" data-element_type=\"section\" data-settings=\"{&quot;background_background&quot;:&quot;classic&quot;}\">\n\t\t\t\t\t\t<div class=\"elementor-container elementor-column-gap-default\">\n\t\t\t\t\t<div class=\"elementor-column elementor-col-100 elementor-inner-column elementor-element elementor-element-a7b5ca1\" data-id=\"a7b5ca1\" data-element_type=\"column\">\n\t\t\t<div class=\"elementor-widget-wrap elementor-element-populated\">\n\t\t\t\t\t\t<div class=\"elementor-element elementor-element-cbf994d color-scheme-inherit text-left elementor-widget elementor-widget-text-editor\" data-id=\"cbf994d\" data-element_type=\"widget\" data-widget_type=\"text-editor.default\">\n\t\t\t\t<div class=\"elementor-widget-container\">\n\t\t\t\t\t\t\t\t\t<p>AV. Emre \u00c7AKAR Hukuk B\u00fcrosu, gerek T\u00fcrk vatanda\u015flar\u0131 gerekse T\u00fcrk vatanda\u015f\u0131 ve yabanc\u0131lar aras\u0131ndaki evlenme, ni\u015fanlanma, bo\u015fanma, nafaka y\u00fck\u00fcml\u00fcl\u00fckleri, velayet, e\u015fler aras\u0131ndaki mal rejimleri, h\u0131s\u0131ml\u0131k, soyba\u011f\u0131 kurulmas\u0131, evlat edinme, \u00e7ocuk mallar\u0131, aile mallar\u0131 ile vesayet gibi konularda aile hukukundan do\u011fan ihtilaflar\u0131n mahkeme \u00f6n\u00fcnde \u00e7\u00f6z\u00fcm\u00fcnde ve taraflar aras\u0131nda protokol d\u00fczenlenmesinde m\u00fcvekkillerine Medeni Kanun, Hukuk Muhakemeleri Kanunu ve ilgili milletleraras\u0131 s\u00f6zle\u015fme ve kanunlarda yer alan h\u00fck\u00fcmler \u00e7er\u00e7evesinde \u00f6zel hayat\u0131n gizlili\u011fine b\u00fcy\u00fck \u00f6zen ve dikkat g\u00f6stererek hizmet verir.<\/p>\t\t\t\t\t\t\t\t<\/div>\n\t\t\t\t<\/div>\n\t\t\t\t\t<\/div>\n\t\t<\/div>\n\t\t\t\t\t<\/div>\n\t\t<\/section>\n\t\t\t\t<section class=\"elementor-section elementor-inner-section elementor-element elementor-element-c83fdc7 elementor-section-boxed elementor-section-height-default elementor-section-height-default wd-section-disabled\" data-id=\"c83fdc7\" data-element_type=\"section\" data-settings=\"{&quot;background_background&quot;:&quot;classic&quot;}\">\n\t\t\t\t\t\t<div class=\"elementor-container elementor-column-gap-default\">\n\t\t\t\t\t<div class=\"elementor-column elementor-col-100 elementor-inner-column elementor-element elementor-element-3687a78\" data-id=\"3687a78\" data-element_type=\"column\">\n\t\t\t<div class=\"elementor-widget-wrap elementor-element-populated\">\n\t\t\t\t\t\t<div class=\"elementor-element elementor-element-f106d21 color-scheme-inherit text-left elementor-widget elementor-widget-text-editor\" data-id=\"f106d21\" data-element_type=\"widget\" data-widget_type=\"text-editor.default\">\n\t\t\t\t<div class=\"elementor-widget-container\">\n\t\t\t\t\t\t\t\t\t<p><strong>AV. Emre \u00c7AKAR<\/strong> Hukuk B\u00fcrosu taraf\u0131ndan Aile Hukuku alan\u0131nda verilen hizmetlerden baz\u0131lar\u0131 \u015funlard\u0131r:<\/p>\t\t\t\t\t\t\t\t<\/div>\n\t\t\t\t<\/div>\n\t\t\t\t<div class=\"elementor-element elementor-element-a588501 color-scheme-inherit text-left elementor-widget elementor-widget-text-editor\" data-id=\"a588501\" data-element_type=\"widget\" data-widget_type=\"text-editor.default\">\n\t\t\t\t<div class=\"elementor-widget-container\">\n\t\t\t\t\t\t\t\t\t<ul><li>Bo\u015fanma ve soyba\u011f\u0131 davalar\u0131n\u0131n y\u00fcr\u00fct\u00fclmesi,<\/li><li>Anla\u015fmal\u0131 bo\u015fanmalarda protokol d\u00fczenlenmesi ve y\u00fcr\u00fct\u00fclmesi,<\/li><li>\u00c7eki\u015fmeli bo\u015fanma davalar\u0131nda maddi ve manevi tazminat taleplerinin sunulmas\u0131,<\/li><li>Bo\u015fanmadan sonra mal varl\u0131\u011f\u0131 tasfiyesinin y\u00fcr\u00fct\u00fclmesi,<\/li><li>Velayet ve nafaka h\u00fck\u00fcmlerine ayk\u0131r\u0131 davran\u0131lmas\u0131na kar\u015f\u0131 hukuki \u00e7\u00f6z\u00fcm yollar\u0131 \u00fcretilmesi,<\/li><li>Aile i\u00e7i \u015fiddet ve benzeri hallerde tedbir karar\u0131 al\u0131nmas\u0131,<\/li><li>Evlat edinmeden kaynaklanan uyu\u015fmazl\u0131klar\u0131n \u00e7\u00f6z\u00fcm\u00fc,<\/li><li>Evlenecek taraflar aras\u0131nda yap\u0131lacak malvarl\u0131\u011f\u0131 s\u00f6zle\u015fmeleri hakk\u0131nda dan\u0131\u015fmanl\u0131k hizmeti sa\u011flanmas\u0131,<\/li><li>Ni\u015fanlanman\u0131n sona ermesinden kaynaklanan ihtilaflar\u0131n \u00e7\u00f6z\u00fclmesi,<\/li><li>Aile Mahkemelerinde g\u00f6r\u00fclen t\u00fcm uyu\u015fmazl\u0131klar\u0131n \u00e7\u00f6z\u00fcm\u00fc,<\/li><li>Aile hukuku alan\u0131nda t\u00fcm mevzuat\u0131n g\u00fcncelli\u011finin takibi.<\/li><\/ul>\t\t\t\t\t\t\t\t<\/div>\n\t\t\t\t<\/div>\n\t\t\t\t\t<\/div>\n\t\t<\/div>\n\t\t\t\t\t<\/div>\n\t\t<\/section>\n\t\t\t\t\t<\/div>\n\t\t<\/div>\n\t\t\t\t\t<\/div>\n\t\t<\/section>\n\t\t\t\t<\/div>\n\t\t","protected":false},"excerpt":{"rendered":"<p>Aile Hukuku AV. Emre \u00c7AKAR Hukuk B\u00fcrosu, gerek T\u00fcrk vatanda\u015flar\u0131 gerekse T\u00fcrk vatanda\u015f\u0131 ve yabanc\u0131lar aras\u0131ndaki evlenme, ni\u015fanlanma, bo\u015fanma, nafaka<\/p>\n","protected":false},"author":1,"featured_media":0,"parent":0,"menu_order":0,"comment_status":"closed","ping_status":"closed","template":"elementor_header_footer","meta":{"footnotes":""},"class_list":["post-15933","page","type-page","status-publish","hentry"],"_links":{"self":[{"href":"https:\/\/emrecakar.av.tr\/index.php\/wp-json\/wp\/v2\/pages\/15933","targetHints":{"allow":["GET"]}}],"collection":[{"href":"https:\/\/emrecakar.av.tr\/index.php\/wp-json\/wp\/v2\/pages"}],"about":[{"href":"https:\/\/emrecakar.av.tr\/index.php\/wp-json\/wp\/v2\/types\/page"}],"author":[{"embeddable":true,"href":"https:\/\/emrecakar.av.tr\/index.php\/wp-json\/wp\/v2\/users\/1"}],"replies":[{"embeddable":true,"href":"https:\/\/emrecakar.av.tr\/index.php\/wp-json\/wp\/v2\/comments?post=15933"}],"version-history":[{"count":44,"href":"https:\/\/emrecakar.av.tr\/index.php\/wp-json\/wp\/v2\/pages\/15933\/revisions"}],"predecessor-version":[{"id":15979,"href":"https:\/\/emrecakar.av.tr\/index.php\/wp-json\/wp\/v2\/pages\/15933\/revisions\/15979"}],"wp:attachment":[{"href":"https:\/\/emrecakar.av.tr\/index.php\/wp-json\/wp\/v2\/media?parent=15933"}],"curies":[{"name":"wp","href":"https:\/\/api.w.org\/{rel}","templated":true}]}}